{"id":407,"date":"2025-11-28T16:04:21","date_gmt":"2025-11-28T15:04:21","guid":{"rendered":"https:\/\/www.brusselscardshow.be\/produit\/collectionneur-professionnel\/"},"modified":"2025-12-17T11:03:05","modified_gmt":"2025-12-17T10:03:05","slug":"collectionneur-professionnel","status":"publish","type":"product","link":"https:\/\/www.brusselscardshow.be\/nl\/produit\/collectionneur-professionnel\/","title":{"rendered":"Pro exhibitor"},"content":{"rendered":"<ul>\n<li>twee tafels (300 cm x 75 cm)<\/li>\n<li>twee stoelen<\/li>\n<li>een tafelkleed<\/li>\n<li>opbouw vanaf 8u<\/li>\n<\/ul>\n","protected":false},"excerpt":{"rendered":"<ul>\n<li>twee tafels (300 cm x 75 cm)<\/li>\n<li>twee stoelen<\/li>\n<li>een tafelkleed<\/li>\n<li>opbouw vanaf 8u<\/li>\n<\/ul>\n","protected":false},"featured_media":410,"template":"","meta":[],"product_brand":[],"product_cat":[30],"product_tag":[],"class_list":{"0":"post-407","1":"product","2":"type-product","3":"status-publish","4":"has-post-thumbnail","6":"product_cat-ongecategoriseerd","8":"first","9":"outofstock","10":"virtual","11":"purchasable","12":"product-type-simple"},"yoast_head":"<!-- This site is optimized with the Yoast SEO plugin v26.4 - https:\/\/yoast.com\/wordpress\/plugins\/seo\/ -->\n<title>Pro exhibitor - Brussels Card Show<\/title>\n<meta name=\"description\" content=\"Ontdek alle praktische informatie over de Brussels Card Show 2026: twee tafels (300 x 75 cm), twee stoelen, tafelkleed en opbouw vanaf 8u. Een professioneel en duidelijk georganiseerd evenement voor verzamelaars en exposanten.\" \/>\n<meta name=\"robots\" content=\"index, follow, max-snippet:-1, max-image-preview:large, max-video-preview:-1\" \/>\n<link rel=\"canonical\" href=\"https:\/\/www.brusselscardshow.be\/nl\/produit\/collectionneur-professionnel\/\" \/>\n<meta property=\"og:locale\" content=\"nl_NL\" \/>\n<meta property=\"og:type\" content=\"article\" \/>\n<meta property=\"og:title\" content=\"Pro exhibitor - Brussels Card Show\" \/>\n<meta property=\"og:description\" content=\"Ontdek alle praktische informatie over de Brussels Card Show 2026: twee tafels (300 x 75 cm), twee stoelen, tafelkleed en opbouw vanaf 8u. Een professioneel en duidelijk georganiseerd evenement voor verzamelaars en exposanten.\" \/>\n<meta property=\"og:url\" content=\"https:\/\/www.brusselscardshow.be\/nl\/produit\/collectionneur-professionnel\/\" \/>\n<meta property=\"og:site_name\" content=\"Brussels Card Show\" \/>\n<meta property=\"article:modified_time\" content=\"2025-12-17T10:03:05+00:00\" \/>\n<meta property=\"og:image\" content=\"https:\/\/www.brusselscardshow.be\/wp-content\/uploads\/2025\/11\/tickets_pro_en.png\" \/>\n\t<meta property=\"og:image:width\" content=\"450\" \/>\n\t<meta property=\"og:image:height\" content=\"600\" \/>\n\t<meta property=\"og:image:type\" content=\"image\/png\" \/>\n<meta name=\"twitter:card\" content=\"summary_large_image\" \/>\n<meta name=\"twitter:label1\" content=\"Geschatte leestijd\" \/>\n\t<meta name=\"twitter:data1\" content=\"1 minuut\" \/>\n<script type=\"application\/ld+json\" class=\"yoast-schema-graph\">{\"@context\":\"https:\/\/schema.org\",\"@graph\":[{\"@type\":\"WebPage\",\"@id\":\"https:\/\/www.brusselscardshow.be\/nl\/produit\/collectionneur-professionnel\/\",\"url\":\"https:\/\/www.brusselscardshow.be\/nl\/produit\/collectionneur-professionnel\/\",\"name\":\"Pro exhibitor - Brussels Card Show\",\"isPartOf\":{\"@id\":\"https:\/\/www.brusselscardshow.be\/nl\/#website\"},\"primaryImageOfPage\":{\"@id\":\"https:\/\/www.brusselscardshow.be\/nl\/produit\/collectionneur-professionnel\/#primaryimage\"},\"image\":{\"@id\":\"https:\/\/www.brusselscardshow.be\/nl\/produit\/collectionneur-professionnel\/#primaryimage\"},\"thumbnailUrl\":\"https:\/\/www.brusselscardshow.be\/wp-content\/uploads\/2025\/11\/tickets_pro_en.png\",\"datePublished\":\"2025-11-28T15:04:21+00:00\",\"dateModified\":\"2025-12-17T10:03:05+00:00\",\"description\":\"Ontdek alle praktische informatie over de Brussels Card Show 2026: twee tafels (300 x 75 cm), twee stoelen, tafelkleed en opbouw vanaf 8u. Een professioneel en duidelijk georganiseerd evenement voor verzamelaars en exposanten.\",\"breadcrumb\":{\"@id\":\"https:\/\/www.brusselscardshow.be\/nl\/produit\/collectionneur-professionnel\/#breadcrumb\"},\"inLanguage\":\"nl-NL\",\"potentialAction\":[{\"@type\":\"ReadAction\",\"target\":[\"https:\/\/www.brusselscardshow.be\/nl\/produit\/collectionneur-professionnel\/\"]}]},{\"@type\":\"ImageObject\",\"inLanguage\":\"nl-NL\",\"@id\":\"https:\/\/www.brusselscardshow.be\/nl\/produit\/collectionneur-professionnel\/#primaryimage\",\"url\":\"https:\/\/www.brusselscardshow.be\/wp-content\/uploads\/2025\/11\/tickets_pro_en.png\",\"contentUrl\":\"https:\/\/www.brusselscardshow.be\/wp-content\/uploads\/2025\/11\/tickets_pro_en.png\",\"width\":450,\"height\":600},{\"@type\":\"BreadcrumbList\",\"@id\":\"https:\/\/www.brusselscardshow.be\/nl\/produit\/collectionneur-professionnel\/#breadcrumb\",\"itemListElement\":[{\"@type\":\"ListItem\",\"position\":1,\"name\":\"Accueil\",\"item\":\"https:\/\/www.brusselscardshow.be\/nl\/\"},{\"@type\":\"ListItem\",\"position\":2,\"name\":\"Winkel\",\"item\":\"https:\/\/www.brusselscardshow.be\/nl\/winkel\/\"},{\"@type\":\"ListItem\",\"position\":3,\"name\":\"Pro exhibitor\"}]},{\"@type\":\"WebSite\",\"@id\":\"https:\/\/www.brusselscardshow.be\/nl\/#website\",\"url\":\"https:\/\/www.brusselscardshow.be\/nl\/\",\"name\":\"Brussels Card Show\",\"description\":\"Le premier grand \u00e9v\u00e8nement de cartes \u00e0 collectionner \u00e0 Bruxelles\",\"publisher\":{\"@id\":\"https:\/\/www.brusselscardshow.be\/nl\/#organization\"},\"potentialAction\":[{\"@type\":\"SearchAction\",\"target\":{\"@type\":\"EntryPoint\",\"urlTemplate\":\"https:\/\/www.brusselscardshow.be\/nl\/?s={search_term_string}\"},\"query-input\":{\"@type\":\"PropertyValueSpecification\",\"valueRequired\":true,\"valueName\":\"search_term_string\"}}],\"inLanguage\":\"nl-NL\"},{\"@type\":\"Organization\",\"@id\":\"https:\/\/www.brusselscardshow.be\/nl\/#organization\",\"name\":\"Brussels Card Show\",\"url\":\"https:\/\/www.brusselscardshow.be\/nl\/\",\"logo\":{\"@type\":\"ImageObject\",\"inLanguage\":\"nl-NL\",\"@id\":\"https:\/\/www.brusselscardshow.be\/nl\/#\/schema\/logo\/image\/\",\"url\":\"https:\/\/www.brusselscardshow.be\/wp-content\/uploads\/2025\/11\/cropped-logo-bcs.png\",\"contentUrl\":\"https:\/\/www.brusselscardshow.be\/wp-content\/uploads\/2025\/11\/cropped-logo-bcs.png\",\"width\":512,\"height\":512,\"caption\":\"Brussels Card Show\"},\"image\":{\"@id\":\"https:\/\/www.brusselscardshow.be\/nl\/#\/schema\/logo\/image\/\"}}]}<\/script>\n<!-- \/ Yoast SEO plugin. -->","yoast_head_json":{"title":"Pro exhibitor - Brussels Card Show","description":"Ontdek alle praktische informatie over de Brussels Card Show 2026: twee tafels (300 x 75 cm), twee stoelen, tafelkleed en opbouw vanaf 8u. Een professioneel en duidelijk georganiseerd evenement voor verzamelaars en exposanten.","robots":{"index":"index","follow":"follow","max-snippet":"max-snippet:-1","max-image-preview":"max-image-preview:large","max-video-preview":"max-video-preview:-1"},"canonical":"https:\/\/www.brusselscardshow.be\/nl\/produit\/collectionneur-professionnel\/","og_locale":"nl_NL","og_type":"article","og_title":"Pro exhibitor - Brussels Card Show","og_description":"Ontdek alle praktische informatie over de Brussels Card Show 2026: twee tafels (300 x 75 cm), twee stoelen, tafelkleed en opbouw vanaf 8u. Een professioneel en duidelijk georganiseerd evenement voor verzamelaars en exposanten.","og_url":"https:\/\/www.brusselscardshow.be\/nl\/produit\/collectionneur-professionnel\/","og_site_name":"Brussels Card Show","article_modified_time":"2025-12-17T10:03:05+00:00","og_image":[{"width":450,"height":600,"url":"https:\/\/www.brusselscardshow.be\/wp-content\/uploads\/2025\/11\/tickets_pro_en.png","type":"image\/png"}],"twitter_card":"summary_large_image","twitter_misc":{"Geschatte leestijd":"1 minuut"},"schema":{"@context":"https:\/\/schema.org","@graph":[{"@type":"WebPage","@id":"https:\/\/www.brusselscardshow.be\/nl\/produit\/collectionneur-professionnel\/","url":"https:\/\/www.brusselscardshow.be\/nl\/produit\/collectionneur-professionnel\/","name":"Pro exhibitor - Brussels Card Show","isPartOf":{"@id":"https:\/\/www.brusselscardshow.be\/nl\/#website"},"primaryImageOfPage":{"@id":"https:\/\/www.brusselscardshow.be\/nl\/produit\/collectionneur-professionnel\/#primaryimage"},"image":{"@id":"https:\/\/www.brusselscardshow.be\/nl\/produit\/collectionneur-professionnel\/#primaryimage"},"thumbnailUrl":"https:\/\/www.brusselscardshow.be\/wp-content\/uploads\/2025\/11\/tickets_pro_en.png","datePublished":"2025-11-28T15:04:21+00:00","dateModified":"2025-12-17T10:03:05+00:00","description":"Ontdek alle praktische informatie over de Brussels Card Show 2026: twee tafels (300 x 75 cm), twee stoelen, tafelkleed en opbouw vanaf 8u. Een professioneel en duidelijk georganiseerd evenement voor verzamelaars en exposanten.","breadcrumb":{"@id":"https:\/\/www.brusselscardshow.be\/nl\/produit\/collectionneur-professionnel\/#breadcrumb"},"inLanguage":"nl-NL","potentialAction":[{"@type":"ReadAction","target":["https:\/\/www.brusselscardshow.be\/nl\/produit\/collectionneur-professionnel\/"]}]},{"@type":"ImageObject","inLanguage":"nl-NL","@id":"https:\/\/www.brusselscardshow.be\/nl\/produit\/collectionneur-professionnel\/#primaryimage","url":"https:\/\/www.brusselscardshow.be\/wp-content\/uploads\/2025\/11\/tickets_pro_en.png","contentUrl":"https:\/\/www.brusselscardshow.be\/wp-content\/uploads\/2025\/11\/tickets_pro_en.png","width":450,"height":600},{"@type":"BreadcrumbList","@id":"https:\/\/www.brusselscardshow.be\/nl\/produit\/collectionneur-professionnel\/#breadcrumb","itemListElement":[{"@type":"ListItem","position":1,"name":"Accueil","item":"https:\/\/www.brusselscardshow.be\/nl\/"},{"@type":"ListItem","position":2,"name":"Winkel","item":"https:\/\/www.brusselscardshow.be\/nl\/winkel\/"},{"@type":"ListItem","position":3,"name":"Pro exhibitor"}]},{"@type":"WebSite","@id":"https:\/\/www.brusselscardshow.be\/nl\/#website","url":"https:\/\/www.brusselscardshow.be\/nl\/","name":"Brussels Card Show","description":"Le premier grand \u00e9v\u00e8nement de cartes \u00e0 collectionner \u00e0 Bruxelles","publisher":{"@id":"https:\/\/www.brusselscardshow.be\/nl\/#organization"},"potentialAction":[{"@type":"SearchAction","target":{"@type":"EntryPoint","urlTemplate":"https:\/\/www.brusselscardshow.be\/nl\/?s={search_term_string}"},"query-input":{"@type":"PropertyValueSpecification","valueRequired":true,"valueName":"search_term_string"}}],"inLanguage":"nl-NL"},{"@type":"Organization","@id":"https:\/\/www.brusselscardshow.be\/nl\/#organization","name":"Brussels Card Show","url":"https:\/\/www.brusselscardshow.be\/nl\/","logo":{"@type":"ImageObject","inLanguage":"nl-NL","@id":"https:\/\/www.brusselscardshow.be\/nl\/#\/schema\/logo\/image\/","url":"https:\/\/www.brusselscardshow.be\/wp-content\/uploads\/2025\/11\/cropped-logo-bcs.png","contentUrl":"https:\/\/www.brusselscardshow.be\/wp-content\/uploads\/2025\/11\/cropped-logo-bcs.png","width":512,"height":512,"caption":"Brussels Card Show"},"image":{"@id":"https:\/\/www.brusselscardshow.be\/nl\/#\/schema\/logo\/image\/"}}]}},"_links":{"self":[{"href":"https:\/\/www.brusselscardshow.be\/nl\/wp-json\/wp\/v2\/product\/407","targetHints":{"allow":["GET"]}}],"collection":[{"href":"https:\/\/www.brusselscardshow.be\/nl\/wp-json\/wp\/v2\/product"}],"about":[{"href":"https:\/\/www.brusselscardshow.be\/nl\/wp-json\/wp\/v2\/types\/product"}],"wp:featuredmedia":[{"embeddable":true,"href":"https:\/\/www.brusselscardshow.be\/nl\/wp-json\/wp\/v2\/media\/410"}],"wp:attachment":[{"href":"https:\/\/www.brusselscardshow.be\/nl\/wp-json\/wp\/v2\/media?parent=407"}],"wp:term":[{"taxonomy":"product_brand","embeddable":true,"href":"https:\/\/www.brusselscardshow.be\/nl\/wp-json\/wp\/v2\/product_brand?post=407"},{"taxonomy":"product_cat","embeddable":true,"href":"https:\/\/www.brusselscardshow.be\/nl\/wp-json\/wp\/v2\/product_cat?post=407"},{"taxonomy":"product_tag","embeddable":true,"href":"https:\/\/www.brusselscardshow.be\/nl\/wp-json\/wp\/v2\/product_tag?post=407"}],"curies":[{"name":"wp","href":"https:\/\/api.w.org\/{rel}","templated":true}]}}