{"id":403,"date":"2025-11-28T16:05:33","date_gmt":"2025-11-28T15:05:33","guid":{"rendered":"https:\/\/www.brusselscardshow.be\/produit\/collectionneur-prive\/"},"modified":"2026-03-01T18:29:35","modified_gmt":"2026-03-01T17:29:35","slug":"collectionneur-prive","status":"publish","type":"product","link":"https:\/\/www.brusselscardshow.be\/nl\/produit\/collectionneur-prive\/","title":{"rendered":"Collectors tafel"},"content":{"rendered":"<ul>\n<li>\u00e9\u00e9n tafel (150 cm x 75 cm)<\/li>\n<li>\u00e9\u00e9n stoel<\/li>\n<li>\u00e9\u00e9n tafelkleed<\/li>\n<li>opbouw vanaf 8u<\/li>\n<\/ul>\n","protected":false},"excerpt":{"rendered":"<ul>\n<li>\u00e9\u00e9n tafel (150 cm x 75 cm)<\/li>\n<li>\u00e9\u00e9n stoel<\/li>\n<li>\u00e9\u00e9n tafelkleed<\/li>\n<li>opbouw vanaf 8u<\/li>\n<\/ul>\n","protected":false},"featured_media":405,"template":"","meta":[],"product_brand":[],"product_cat":[30],"product_tag":[],"class_list":{"0":"post-403","1":"product","2":"type-product","3":"status-publish","4":"has-post-thumbnail","6":"product_cat-ongecategoriseerd","8":"first","9":"outofstock","10":"virtual","11":"purchasable","12":"product-type-simple"},"yoast_head":"<!-- This site is optimized with the Yoast SEO plugin v26.4 - https:\/\/yoast.com\/wordpress\/plugins\/seo\/ -->\n<title>Collectors tafel - Brussels Card Show<\/title>\n<meta name=\"robots\" content=\"index, follow, max-snippet:-1, max-image-preview:large, max-video-preview:-1\" \/>\n<link rel=\"canonical\" href=\"https:\/\/www.brusselscardshow.be\/nl\/produit\/collectionneur-prive\/\" \/>\n<meta property=\"og:locale\" content=\"nl_NL\" \/>\n<meta property=\"og:type\" content=\"article\" \/>\n<meta property=\"og:title\" content=\"Collectors tafel - Brussels Card Show\" \/>\n<meta property=\"og:description\" content=\"\u00e9\u00e9n tafel (150 cm x 75 cm)   \u00e9\u00e9n stoel   \u00e9\u00e9n tafelkleed   opbouw vanaf 8u\" \/>\n<meta property=\"og:url\" content=\"https:\/\/www.brusselscardshow.be\/nl\/produit\/collectionneur-prive\/\" \/>\n<meta property=\"og:site_name\" content=\"Brussels Card Show\" \/>\n<meta property=\"article:modified_time\" content=\"2026-03-01T17:29:35+00:00\" \/>\n<meta property=\"og:image\" content=\"https:\/\/www.brusselscardshow.be\/wp-content\/uploads\/2025\/11\/tickets_collectionneurs_en.png\" \/>\n\t<meta property=\"og:image:width\" content=\"450\" \/>\n\t<meta property=\"og:image:height\" content=\"600\" \/>\n\t<meta property=\"og:image:type\" content=\"image\/png\" \/>\n<meta name=\"twitter:card\" content=\"summary_large_image\" \/>\n<meta name=\"twitter:label1\" content=\"Geschatte leestijd\" \/>\n\t<meta name=\"twitter:data1\" content=\"1 minuut\" \/>\n<script type=\"application\/ld+json\" class=\"yoast-schema-graph\">{\"@context\":\"https:\/\/schema.org\",\"@graph\":[{\"@type\":\"WebPage\",\"@id\":\"https:\/\/www.brusselscardshow.be\/nl\/produit\/collectionneur-prive\/\",\"url\":\"https:\/\/www.brusselscardshow.be\/nl\/produit\/collectionneur-prive\/\",\"name\":\"Collectors tafel - Brussels Card Show\",\"isPartOf\":{\"@id\":\"https:\/\/www.brusselscardshow.be\/nl\/#website\"},\"primaryImageOfPage\":{\"@id\":\"https:\/\/www.brusselscardshow.be\/nl\/produit\/collectionneur-prive\/#primaryimage\"},\"image\":{\"@id\":\"https:\/\/www.brusselscardshow.be\/nl\/produit\/collectionneur-prive\/#primaryimage\"},\"thumbnailUrl\":\"https:\/\/www.brusselscardshow.be\/wp-content\/uploads\/2025\/11\/tickets_collectionneurs_en.png\",\"datePublished\":\"2025-11-28T15:05:33+00:00\",\"dateModified\":\"2026-03-01T17:29:35+00:00\",\"breadcrumb\":{\"@id\":\"https:\/\/www.brusselscardshow.be\/nl\/produit\/collectionneur-prive\/#breadcrumb\"},\"inLanguage\":\"nl-NL\",\"potentialAction\":[{\"@type\":\"ReadAction\",\"target\":[\"https:\/\/www.brusselscardshow.be\/nl\/produit\/collectionneur-prive\/\"]}]},{\"@type\":\"ImageObject\",\"inLanguage\":\"nl-NL\",\"@id\":\"https:\/\/www.brusselscardshow.be\/nl\/produit\/collectionneur-prive\/#primaryimage\",\"url\":\"https:\/\/www.brusselscardshow.be\/wp-content\/uploads\/2025\/11\/tickets_collectionneurs_en.png\",\"contentUrl\":\"https:\/\/www.brusselscardshow.be\/wp-content\/uploads\/2025\/11\/tickets_collectionneurs_en.png\",\"width\":450,\"height\":600},{\"@type\":\"BreadcrumbList\",\"@id\":\"https:\/\/www.brusselscardshow.be\/nl\/produit\/collectionneur-prive\/#breadcrumb\",\"itemListElement\":[{\"@type\":\"ListItem\",\"position\":1,\"name\":\"Accueil\",\"item\":\"https:\/\/www.brusselscardshow.be\/nl\/\"},{\"@type\":\"ListItem\",\"position\":2,\"name\":\"Winkel\",\"item\":\"https:\/\/www.brusselscardshow.be\/nl\/winkel\/\"},{\"@type\":\"ListItem\",\"position\":3,\"name\":\"Collectors tafel\"}]},{\"@type\":\"WebSite\",\"@id\":\"https:\/\/www.brusselscardshow.be\/nl\/#website\",\"url\":\"https:\/\/www.brusselscardshow.be\/nl\/\",\"name\":\"Brussels Card Show\",\"description\":\"Le premier grand \u00e9v\u00e8nement de cartes \u00e0 collectionner \u00e0 Bruxelles\",\"publisher\":{\"@id\":\"https:\/\/www.brusselscardshow.be\/nl\/#organization\"},\"potentialAction\":[{\"@type\":\"SearchAction\",\"target\":{\"@type\":\"EntryPoint\",\"urlTemplate\":\"https:\/\/www.brusselscardshow.be\/nl\/?s={search_term_string}\"},\"query-input\":{\"@type\":\"PropertyValueSpecification\",\"valueRequired\":true,\"valueName\":\"search_term_string\"}}],\"inLanguage\":\"nl-NL\"},{\"@type\":\"Organization\",\"@id\":\"https:\/\/www.brusselscardshow.be\/nl\/#organization\",\"name\":\"Brussels Card Show\",\"url\":\"https:\/\/www.brusselscardshow.be\/nl\/\",\"logo\":{\"@type\":\"ImageObject\",\"inLanguage\":\"nl-NL\",\"@id\":\"https:\/\/www.brusselscardshow.be\/nl\/#\/schema\/logo\/image\/\",\"url\":\"https:\/\/www.brusselscardshow.be\/wp-content\/uploads\/2025\/11\/cropped-logo-bcs.png\",\"contentUrl\":\"https:\/\/www.brusselscardshow.be\/wp-content\/uploads\/2025\/11\/cropped-logo-bcs.png\",\"width\":512,\"height\":512,\"caption\":\"Brussels Card Show\"},\"image\":{\"@id\":\"https:\/\/www.brusselscardshow.be\/nl\/#\/schema\/logo\/image\/\"}}]}<\/script>\n<!-- \/ Yoast SEO plugin. -->","yoast_head_json":{"title":"Collectors tafel - Brussels Card Show","robots":{"index":"index","follow":"follow","max-snippet":"max-snippet:-1","max-image-preview":"max-image-preview:large","max-video-preview":"max-video-preview:-1"},"canonical":"https:\/\/www.brusselscardshow.be\/nl\/produit\/collectionneur-prive\/","og_locale":"nl_NL","og_type":"article","og_title":"Collectors tafel - Brussels Card Show","og_description":"\u00e9\u00e9n tafel (150 cm x 75 cm)   \u00e9\u00e9n stoel   \u00e9\u00e9n tafelkleed   opbouw vanaf 8u","og_url":"https:\/\/www.brusselscardshow.be\/nl\/produit\/collectionneur-prive\/","og_site_name":"Brussels Card Show","article_modified_time":"2026-03-01T17:29:35+00:00","og_image":[{"width":450,"height":600,"url":"https:\/\/www.brusselscardshow.be\/wp-content\/uploads\/2025\/11\/tickets_collectionneurs_en.png","type":"image\/png"}],"twitter_card":"summary_large_image","twitter_misc":{"Geschatte leestijd":"1 minuut"},"schema":{"@context":"https:\/\/schema.org","@graph":[{"@type":"WebPage","@id":"https:\/\/www.brusselscardshow.be\/nl\/produit\/collectionneur-prive\/","url":"https:\/\/www.brusselscardshow.be\/nl\/produit\/collectionneur-prive\/","name":"Collectors tafel - Brussels Card Show","isPartOf":{"@id":"https:\/\/www.brusselscardshow.be\/nl\/#website"},"primaryImageOfPage":{"@id":"https:\/\/www.brusselscardshow.be\/nl\/produit\/collectionneur-prive\/#primaryimage"},"image":{"@id":"https:\/\/www.brusselscardshow.be\/nl\/produit\/collectionneur-prive\/#primaryimage"},"thumbnailUrl":"https:\/\/www.brusselscardshow.be\/wp-content\/uploads\/2025\/11\/tickets_collectionneurs_en.png","datePublished":"2025-11-28T15:05:33+00:00","dateModified":"2026-03-01T17:29:35+00:00","breadcrumb":{"@id":"https:\/\/www.brusselscardshow.be\/nl\/produit\/collectionneur-prive\/#breadcrumb"},"inLanguage":"nl-NL","potentialAction":[{"@type":"ReadAction","target":["https:\/\/www.brusselscardshow.be\/nl\/produit\/collectionneur-prive\/"]}]},{"@type":"ImageObject","inLanguage":"nl-NL","@id":"https:\/\/www.brusselscardshow.be\/nl\/produit\/collectionneur-prive\/#primaryimage","url":"https:\/\/www.brusselscardshow.be\/wp-content\/uploads\/2025\/11\/tickets_collectionneurs_en.png","contentUrl":"https:\/\/www.brusselscardshow.be\/wp-content\/uploads\/2025\/11\/tickets_collectionneurs_en.png","width":450,"height":600},{"@type":"BreadcrumbList","@id":"https:\/\/www.brusselscardshow.be\/nl\/produit\/collectionneur-prive\/#breadcrumb","itemListElement":[{"@type":"ListItem","position":1,"name":"Accueil","item":"https:\/\/www.brusselscardshow.be\/nl\/"},{"@type":"ListItem","position":2,"name":"Winkel","item":"https:\/\/www.brusselscardshow.be\/nl\/winkel\/"},{"@type":"ListItem","position":3,"name":"Collectors tafel"}]},{"@type":"WebSite","@id":"https:\/\/www.brusselscardshow.be\/nl\/#website","url":"https:\/\/www.brusselscardshow.be\/nl\/","name":"Brussels Card Show","description":"Le premier grand \u00e9v\u00e8nement de cartes \u00e0 collectionner \u00e0 Bruxelles","publisher":{"@id":"https:\/\/www.brusselscardshow.be\/nl\/#organization"},"potentialAction":[{"@type":"SearchAction","target":{"@type":"EntryPoint","urlTemplate":"https:\/\/www.brusselscardshow.be\/nl\/?s={search_term_string}"},"query-input":{"@type":"PropertyValueSpecification","valueRequired":true,"valueName":"search_term_string"}}],"inLanguage":"nl-NL"},{"@type":"Organization","@id":"https:\/\/www.brusselscardshow.be\/nl\/#organization","name":"Brussels Card Show","url":"https:\/\/www.brusselscardshow.be\/nl\/","logo":{"@type":"ImageObject","inLanguage":"nl-NL","@id":"https:\/\/www.brusselscardshow.be\/nl\/#\/schema\/logo\/image\/","url":"https:\/\/www.brusselscardshow.be\/wp-content\/uploads\/2025\/11\/cropped-logo-bcs.png","contentUrl":"https:\/\/www.brusselscardshow.be\/wp-content\/uploads\/2025\/11\/cropped-logo-bcs.png","width":512,"height":512,"caption":"Brussels Card Show"},"image":{"@id":"https:\/\/www.brusselscardshow.be\/nl\/#\/schema\/logo\/image\/"}}]}},"_links":{"self":[{"href":"https:\/\/www.brusselscardshow.be\/nl\/wp-json\/wp\/v2\/product\/403","targetHints":{"allow":["GET"]}}],"collection":[{"href":"https:\/\/www.brusselscardshow.be\/nl\/wp-json\/wp\/v2\/product"}],"about":[{"href":"https:\/\/www.brusselscardshow.be\/nl\/wp-json\/wp\/v2\/types\/product"}],"wp:featuredmedia":[{"embeddable":true,"href":"https:\/\/www.brusselscardshow.be\/nl\/wp-json\/wp\/v2\/media\/405"}],"wp:attachment":[{"href":"https:\/\/www.brusselscardshow.be\/nl\/wp-json\/wp\/v2\/media?parent=403"}],"wp:term":[{"taxonomy":"product_brand","embeddable":true,"href":"https:\/\/www.brusselscardshow.be\/nl\/wp-json\/wp\/v2\/product_brand?post=403"},{"taxonomy":"product_cat","embeddable":true,"href":"https:\/\/www.brusselscardshow.be\/nl\/wp-json\/wp\/v2\/product_cat?post=403"},{"taxonomy":"product_tag","embeddable":true,"href":"https:\/\/www.brusselscardshow.be\/nl\/wp-json\/wp\/v2\/product_tag?post=403"}],"curies":[{"name":"wp","href":"https:\/\/api.w.org\/{rel}","templated":true}]}}