{"id":399,"date":"2025-11-28T16:06:49","date_gmt":"2025-11-28T15:06:49","guid":{"rendered":"https:\/\/www.brusselscardshow.be\/produit\/visiteur-early-access\/"},"modified":"2025-12-04T10:56:44","modified_gmt":"2025-12-04T09:56:44","slug":"visiteur-early-access","status":"publish","type":"product","link":"https:\/\/www.brusselscardshow.be\/nl\/produit\/visiteur-early-access\/","title":{"rendered":"Bezoeker \u2013 Early Ticket"},"content":{"rendered":"<ul>\n<li>Vroege toegang van 9u tot 10u<\/li>\n<li>VIP-geschenkzak<\/li>\n<li>Bijdrager aan de eerste editie<\/li>\n<\/ul>\n","protected":false},"excerpt":{"rendered":"<ul>\n<li>Vroege toegang van 9u tot 10u<\/li>\n<li>VIP-geschenkzak<\/li>\n<li>Bijdrager aan de eerste editie<\/li>\n<\/ul>\n","protected":false},"featured_media":398,"template":"","meta":[],"product_brand":[],"product_cat":[30],"product_tag":[],"class_list":{"0":"post-399","1":"product","2":"type-product","3":"status-publish","4":"has-post-thumbnail","6":"product_cat-ongecategoriseerd","8":"first","9":"outofstock","10":"virtual","11":"product-type-simple"},"yoast_head":"<!-- This site is optimized with the Yoast SEO plugin v26.4 - https:\/\/yoast.com\/wordpress\/plugins\/seo\/ -->\n<title>Bezoeker \u2013 Early Ticket - Brussels Card Show<\/title>\n<meta name=\"robots\" content=\"index, follow, max-snippet:-1, max-image-preview:large, max-video-preview:-1\" \/>\n<link rel=\"canonical\" href=\"https:\/\/www.brusselscardshow.be\/nl\/produit\/visiteur-early-access\/\" \/>\n<meta property=\"og:locale\" content=\"nl_NL\" \/>\n<meta property=\"og:type\" content=\"article\" \/>\n<meta property=\"og:title\" content=\"Bezoeker \u2013 Early Ticket - Brussels Card Show\" \/>\n<meta property=\"og:description\" content=\"Vroege toegang van 9u tot 10u   VIP-geschenkzak   Bijdrager aan de eerste editie\" \/>\n<meta property=\"og:url\" content=\"https:\/\/www.brusselscardshow.be\/nl\/produit\/visiteur-early-access\/\" \/>\n<meta property=\"og:site_name\" content=\"Brussels Card Show\" \/>\n<meta property=\"article:modified_time\" content=\"2025-12-04T09:56:44+00:00\" \/>\n<meta property=\"og:image\" content=\"https:\/\/www.brusselscardshow.be\/wp-content\/uploads\/2025\/11\/early.png\" \/>\n\t<meta property=\"og:image:width\" content=\"450\" \/>\n\t<meta property=\"og:image:height\" content=\"600\" \/>\n\t<meta property=\"og:image:type\" content=\"image\/png\" \/>\n<meta name=\"twitter:card\" content=\"summary_large_image\" \/>\n<meta name=\"twitter:label1\" content=\"Geschatte leestijd\" \/>\n\t<meta name=\"twitter:data1\" content=\"1 minuut\" \/>\n<script type=\"application\/ld+json\" class=\"yoast-schema-graph\">{\"@context\":\"https:\/\/schema.org\",\"@graph\":[{\"@type\":\"WebPage\",\"@id\":\"https:\/\/www.brusselscardshow.be\/nl\/produit\/visiteur-early-access\/\",\"url\":\"https:\/\/www.brusselscardshow.be\/nl\/produit\/visiteur-early-access\/\",\"name\":\"Bezoeker \u2013 Early Ticket - Brussels Card Show\",\"isPartOf\":{\"@id\":\"https:\/\/www.brusselscardshow.be\/nl\/#website\"},\"primaryImageOfPage\":{\"@id\":\"https:\/\/www.brusselscardshow.be\/nl\/produit\/visiteur-early-access\/#primaryimage\"},\"image\":{\"@id\":\"https:\/\/www.brusselscardshow.be\/nl\/produit\/visiteur-early-access\/#primaryimage\"},\"thumbnailUrl\":\"https:\/\/www.brusselscardshow.be\/wp-content\/uploads\/2025\/11\/early.png\",\"datePublished\":\"2025-11-28T15:06:49+00:00\",\"dateModified\":\"2025-12-04T09:56:44+00:00\",\"breadcrumb\":{\"@id\":\"https:\/\/www.brusselscardshow.be\/nl\/produit\/visiteur-early-access\/#breadcrumb\"},\"inLanguage\":\"nl-NL\",\"potentialAction\":[{\"@type\":\"ReadAction\",\"target\":[\"https:\/\/www.brusselscardshow.be\/nl\/produit\/visiteur-early-access\/\"]}]},{\"@type\":\"ImageObject\",\"inLanguage\":\"nl-NL\",\"@id\":\"https:\/\/www.brusselscardshow.be\/nl\/produit\/visiteur-early-access\/#primaryimage\",\"url\":\"https:\/\/www.brusselscardshow.be\/wp-content\/uploads\/2025\/11\/early.png\",\"contentUrl\":\"https:\/\/www.brusselscardshow.be\/wp-content\/uploads\/2025\/11\/early.png\",\"width\":450,\"height\":600},{\"@type\":\"BreadcrumbList\",\"@id\":\"https:\/\/www.brusselscardshow.be\/nl\/produit\/visiteur-early-access\/#breadcrumb\",\"itemListElement\":[{\"@type\":\"ListItem\",\"position\":1,\"name\":\"Accueil\",\"item\":\"https:\/\/www.brusselscardshow.be\/nl\/\"},{\"@type\":\"ListItem\",\"position\":2,\"name\":\"Winkel\",\"item\":\"https:\/\/www.brusselscardshow.be\/nl\/winkel\/\"},{\"@type\":\"ListItem\",\"position\":3,\"name\":\"Bezoeker \u2013 Early Ticket\"}]},{\"@type\":\"WebSite\",\"@id\":\"https:\/\/www.brusselscardshow.be\/nl\/#website\",\"url\":\"https:\/\/www.brusselscardshow.be\/nl\/\",\"name\":\"Brussels Card Show\",\"description\":\"Le premier grand \u00e9v\u00e8nement de cartes \u00e0 collectionner \u00e0 Bruxelles\",\"publisher\":{\"@id\":\"https:\/\/www.brusselscardshow.be\/nl\/#organization\"},\"potentialAction\":[{\"@type\":\"SearchAction\",\"target\":{\"@type\":\"EntryPoint\",\"urlTemplate\":\"https:\/\/www.brusselscardshow.be\/nl\/?s={search_term_string}\"},\"query-input\":{\"@type\":\"PropertyValueSpecification\",\"valueRequired\":true,\"valueName\":\"search_term_string\"}}],\"inLanguage\":\"nl-NL\"},{\"@type\":\"Organization\",\"@id\":\"https:\/\/www.brusselscardshow.be\/nl\/#organization\",\"name\":\"Brussels Card Show\",\"url\":\"https:\/\/www.brusselscardshow.be\/nl\/\",\"logo\":{\"@type\":\"ImageObject\",\"inLanguage\":\"nl-NL\",\"@id\":\"https:\/\/www.brusselscardshow.be\/nl\/#\/schema\/logo\/image\/\",\"url\":\"https:\/\/www.brusselscardshow.be\/wp-content\/uploads\/2025\/11\/cropped-logo-bcs.png\",\"contentUrl\":\"https:\/\/www.brusselscardshow.be\/wp-content\/uploads\/2025\/11\/cropped-logo-bcs.png\",\"width\":512,\"height\":512,\"caption\":\"Brussels Card Show\"},\"image\":{\"@id\":\"https:\/\/www.brusselscardshow.be\/nl\/#\/schema\/logo\/image\/\"}}]}<\/script>\n<!-- \/ Yoast SEO plugin. -->","yoast_head_json":{"title":"Bezoeker \u2013 Early Ticket - Brussels Card Show","robots":{"index":"index","follow":"follow","max-snippet":"max-snippet:-1","max-image-preview":"max-image-preview:large","max-video-preview":"max-video-preview:-1"},"canonical":"https:\/\/www.brusselscardshow.be\/nl\/produit\/visiteur-early-access\/","og_locale":"nl_NL","og_type":"article","og_title":"Bezoeker \u2013 Early Ticket - Brussels Card Show","og_description":"Vroege toegang van 9u tot 10u   VIP-geschenkzak   Bijdrager aan de eerste editie","og_url":"https:\/\/www.brusselscardshow.be\/nl\/produit\/visiteur-early-access\/","og_site_name":"Brussels Card Show","article_modified_time":"2025-12-04T09:56:44+00:00","og_image":[{"width":450,"height":600,"url":"https:\/\/www.brusselscardshow.be\/wp-content\/uploads\/2025\/11\/early.png","type":"image\/png"}],"twitter_card":"summary_large_image","twitter_misc":{"Geschatte leestijd":"1 minuut"},"schema":{"@context":"https:\/\/schema.org","@graph":[{"@type":"WebPage","@id":"https:\/\/www.brusselscardshow.be\/nl\/produit\/visiteur-early-access\/","url":"https:\/\/www.brusselscardshow.be\/nl\/produit\/visiteur-early-access\/","name":"Bezoeker \u2013 Early Ticket - Brussels Card Show","isPartOf":{"@id":"https:\/\/www.brusselscardshow.be\/nl\/#website"},"primaryImageOfPage":{"@id":"https:\/\/www.brusselscardshow.be\/nl\/produit\/visiteur-early-access\/#primaryimage"},"image":{"@id":"https:\/\/www.brusselscardshow.be\/nl\/produit\/visiteur-early-access\/#primaryimage"},"thumbnailUrl":"https:\/\/www.brusselscardshow.be\/wp-content\/uploads\/2025\/11\/early.png","datePublished":"2025-11-28T15:06:49+00:00","dateModified":"2025-12-04T09:56:44+00:00","breadcrumb":{"@id":"https:\/\/www.brusselscardshow.be\/nl\/produit\/visiteur-early-access\/#breadcrumb"},"inLanguage":"nl-NL","potentialAction":[{"@type":"ReadAction","target":["https:\/\/www.brusselscardshow.be\/nl\/produit\/visiteur-early-access\/"]}]},{"@type":"ImageObject","inLanguage":"nl-NL","@id":"https:\/\/www.brusselscardshow.be\/nl\/produit\/visiteur-early-access\/#primaryimage","url":"https:\/\/www.brusselscardshow.be\/wp-content\/uploads\/2025\/11\/early.png","contentUrl":"https:\/\/www.brusselscardshow.be\/wp-content\/uploads\/2025\/11\/early.png","width":450,"height":600},{"@type":"BreadcrumbList","@id":"https:\/\/www.brusselscardshow.be\/nl\/produit\/visiteur-early-access\/#breadcrumb","itemListElement":[{"@type":"ListItem","position":1,"name":"Accueil","item":"https:\/\/www.brusselscardshow.be\/nl\/"},{"@type":"ListItem","position":2,"name":"Winkel","item":"https:\/\/www.brusselscardshow.be\/nl\/winkel\/"},{"@type":"ListItem","position":3,"name":"Bezoeker \u2013 Early Ticket"}]},{"@type":"WebSite","@id":"https:\/\/www.brusselscardshow.be\/nl\/#website","url":"https:\/\/www.brusselscardshow.be\/nl\/","name":"Brussels Card Show","description":"Le premier grand \u00e9v\u00e8nement de cartes \u00e0 collectionner \u00e0 Bruxelles","publisher":{"@id":"https:\/\/www.brusselscardshow.be\/nl\/#organization"},"potentialAction":[{"@type":"SearchAction","target":{"@type":"EntryPoint","urlTemplate":"https:\/\/www.brusselscardshow.be\/nl\/?s={search_term_string}"},"query-input":{"@type":"PropertyValueSpecification","valueRequired":true,"valueName":"search_term_string"}}],"inLanguage":"nl-NL"},{"@type":"Organization","@id":"https:\/\/www.brusselscardshow.be\/nl\/#organization","name":"Brussels Card Show","url":"https:\/\/www.brusselscardshow.be\/nl\/","logo":{"@type":"ImageObject","inLanguage":"nl-NL","@id":"https:\/\/www.brusselscardshow.be\/nl\/#\/schema\/logo\/image\/","url":"https:\/\/www.brusselscardshow.be\/wp-content\/uploads\/2025\/11\/cropped-logo-bcs.png","contentUrl":"https:\/\/www.brusselscardshow.be\/wp-content\/uploads\/2025\/11\/cropped-logo-bcs.png","width":512,"height":512,"caption":"Brussels Card Show"},"image":{"@id":"https:\/\/www.brusselscardshow.be\/nl\/#\/schema\/logo\/image\/"}}]}},"_links":{"self":[{"href":"https:\/\/www.brusselscardshow.be\/nl\/wp-json\/wp\/v2\/product\/399","targetHints":{"allow":["GET"]}}],"collection":[{"href":"https:\/\/www.brusselscardshow.be\/nl\/wp-json\/wp\/v2\/product"}],"about":[{"href":"https:\/\/www.brusselscardshow.be\/nl\/wp-json\/wp\/v2\/types\/product"}],"wp:featuredmedia":[{"embeddable":true,"href":"https:\/\/www.brusselscardshow.be\/nl\/wp-json\/wp\/v2\/media\/398"}],"wp:attachment":[{"href":"https:\/\/www.brusselscardshow.be\/nl\/wp-json\/wp\/v2\/media?parent=399"}],"wp:term":[{"taxonomy":"product_brand","embeddable":true,"href":"https:\/\/www.brusselscardshow.be\/nl\/wp-json\/wp\/v2\/product_brand?post=399"},{"taxonomy":"product_cat","embeddable":true,"href":"https:\/\/www.brusselscardshow.be\/nl\/wp-json\/wp\/v2\/product_cat?post=399"},{"taxonomy":"product_tag","embeddable":true,"href":"https:\/\/www.brusselscardshow.be\/nl\/wp-json\/wp\/v2\/product_tag?post=399"}],"curies":[{"name":"wp","href":"https:\/\/api.w.org\/{rel}","templated":true}]}}