{"id":779,"date":"2025-12-05T15:21:04","date_gmt":"2025-12-05T14:21:04","guid":{"rendered":"https:\/\/www.brusselscardshow.be\/?page_id=779"},"modified":"2025-12-15T14:16:24","modified_gmt":"2025-12-15T13:16:24","slug":"praktische-info","status":"publish","type":"page","link":"https:\/\/www.brusselscardshow.be\/nl\/praktische-info\/","title":{"rendered":"Praktische info"},"content":{"rendered":"\t\t<div data-elementor-type=\"wp-page\" data-elementor-id=\"779\" class=\"elementor elementor-779 elementor-279\" data-elementor-post-type=\"page\">\n\t\t\t\t<div class=\"elementor-element elementor-element-64efb4e e-con-full e-flex e-con e-parent\" data-id=\"64efb4e\" data-element_type=\"container\" data-settings=\"{&quot;background_background&quot;:&quot;classic&quot;}\">\n\t\t<div class=\"elementor-element elementor-element-4192b91 e-con-full e-flex e-con e-child\" data-id=\"4192b91\" data-element_type=\"container\">\n\t\t<div class=\"elementor-element elementor-element-352536f e-con-full e-flex e-con e-child\" data-id=\"352536f\" data-element_type=\"container\">\n\t\t\t\t<div class=\"elementor-element elementor-element-960f23c elementor-widget__width-auto elementor-widget elementor-widget-image\" data-id=\"960f23c\" data-element_type=\"widget\" data-widget_type=\"image.default\">\n\t\t\t\t\t\t\t\t\t\t\t\t\t\t\t<img decoding=\"async\" width=\"150\" height=\"150\" src=\"https:\/\/www.brusselscardshow.be\/wp-content\/uploads\/2025\/11\/cropped-logo-bcs-150x150.png\" class=\"attachment-thumbnail size-thumbnail wp-image-14\" alt=\"\" srcset=\"https:\/\/www.brusselscardshow.be\/wp-content\/uploads\/2025\/11\/cropped-logo-bcs-150x150.png 150w, https:\/\/www.brusselscardshow.be\/wp-content\/uploads\/2025\/11\/cropped-logo-bcs-300x300.png 300w, https:\/\/www.brusselscardshow.be\/wp-content\/uploads\/2025\/11\/cropped-logo-bcs-270x270.png 270w, https:\/\/www.brusselscardshow.be\/wp-content\/uploads\/2025\/11\/cropped-logo-bcs-192x192.png 192w, https:\/\/www.brusselscardshow.be\/wp-content\/uploads\/2025\/11\/cropped-logo-bcs-180x180.png 180w, https:\/\/www.brusselscardshow.be\/wp-content\/uploads\/2025\/11\/cropped-logo-bcs-32x32.png 32w, https:\/\/www.brusselscardshow.be\/wp-content\/uploads\/2025\/11\/elementor\/thumbs\/cropped-logo-bcs-rfdcboj1us04fa3l2kriql9d9vaeq0jc4d7841iyyc.png 50w, https:\/\/www.brusselscardshow.be\/wp-content\/uploads\/2025\/11\/elementor\/thumbs\/cropped-logo-bcs-rfdcboj27huosi2d927rcniw6apkxmgw86qbp1rkd2.png 79w, https:\/\/www.brusselscardshow.be\/wp-content\/uploads\/2025\/11\/cropped-logo-bcs.png 512w\" sizes=\"(max-width: 150px) 100vw, 150px\" \/>\t\t\t\t\t\t\t\t\t\t\t\t\t\t\t<\/div>\n\t\t\t\t<div class=\"elementor-element elementor-element-0addcf5 elementor-widget__width-auto elementor-widget elementor-widget-heading\" data-id=\"0addcf5\" data-element_type=\"widget\" data-widget_type=\"heading.default\">\n\t\t\t\t\t<span class=\"elementor-heading-title elementor-size-default\">13 December 2026<\/span>\t\t\t\t<\/div>\n\t\t\t\t<\/div>\n\t\t<div class=\"elementor-element elementor-element-6c0979e e-con-full e-flex e-con e-child\" data-id=\"6c0979e\" data-element_type=\"container\">\n\t\t\t\t<div class=\"elementor-element elementor-element-1d158af elementor-widget elementor-widget-heading\" data-id=\"1d158af\" data-element_type=\"widget\" data-widget_type=\"heading.default\">\n\t\t\t\t\t<h1 class=\"elementor-heading-title elementor-size-default\">Het eerste grote\nverzamelkaarten-evenement\nin Brussel.<\/h1>\t\t\t\t<\/div>\n\t\t<div class=\"elementor-element elementor-element-e764092 e-grid e-con-full e-con e-child\" data-id=\"e764092\" data-element_type=\"container\">\n\t\t\t\t<div class=\"elementor-element elementor-element-8c95c4e elementor-widget elementor-widget-heading\" data-id=\"8c95c4e\" data-element_type=\"widget\" data-widget_type=\"heading.default\">\n\t\t\t\t\t<p class=\"elementor-heading-title elementor-size-default\">Waar verzamelaars elkaar ontmoeten<\/p>\t\t\t\t<\/div>\n\t\t\t\t<\/div>\n\t\t\t\t<\/div>\n\t\t\t\t<\/div>\n\t\t\t\t<\/div>\n\t\t<div class=\"elementor-element elementor-element-571bbb7 e-flex e-con-boxed e-con e-parent\" data-id=\"571bbb7\" data-element_type=\"container\">\n\t\t\t\t\t<div class=\"e-con-inner\">\n\t\t<div class=\"elementor-element elementor-element-4ef1f95 e-con-full e-flex e-con e-child\" data-id=\"4ef1f95\" data-element_type=\"container\">\n\t\t\t\t<div class=\"elementor-element elementor-element-1fb4eca elementor-widget elementor-widget-heading\" data-id=\"1fb4eca\" data-element_type=\"widget\" data-widget_type=\"heading.default\">\n\t\t\t\t\t<h2 class=\"elementor-heading-title elementor-size-default\">Praktische info<\/h2>\t\t\t\t<\/div>\n\t\t\t\t<div class=\"elementor-element elementor-element-56e26c0 elementor-widget elementor-widget-text-editor\" data-id=\"56e26c0\" data-element_type=\"widget\" data-widget_type=\"text-editor.default\">\n\t\t\t\t\t\t\t\t\t<p data-start=\"126\" data-end=\"281\">De eerste editie van de Brussels Card Show vindt plaats op zondag <strong data-start=\"192\" data-end=\"212\">13 december 2026<\/strong> in <strong data-start=\"216\" data-end=\"232\">zaal L&#8217;Agora<\/strong> in <strong data-start=\"236\" data-end=\"259\">Sint-Pieters-Woluwe<\/strong>, van <strong data-start=\"265\" data-end=\"280\">10u tot 18u<\/strong>.<\/p><p data-start=\"283\" data-end=\"371\"><strong data-start=\"283\" data-end=\"311\">Brussels Card Show 2026!<\/strong><br data-start=\"311\" data-end=\"314\" \/>Een editie die v\u00f3\u00f3r alles is ontworpen voor verzamelaars:<\/p><ul data-start=\"373\" data-end=\"439\"><li data-start=\"373\" data-end=\"405\"><p data-start=\"375\" data-end=\"405\"><strong data-start=\"375\" data-end=\"403\">50 collectionneurstafels<\/strong><\/p><\/li><li data-start=\"406\" data-end=\"439\"><p data-start=\"408\" data-end=\"439\"><strong data-start=\"408\" data-end=\"439\">20 professionele exposanten<\/strong><\/p><\/li><\/ul><p data-start=\"441\" data-end=\"605\">De toegang is gratis vanaf <strong data-start=\"468\" data-end=\"475\">10u<\/strong>.<br data-start=\"476\" data-end=\"479\" \/>Er zullen een beperkt aantal <strong data-start=\"508\" data-end=\"527\">\u201cearly\u201d tickets<\/strong> beschikbaar zijn waarmee je al vanaf <strong data-start=\"565\" data-end=\"571\">9u<\/strong> toegang krijgt tot het evenement.<\/p>\t\t\t\t\t\t\t\t<\/div>\n\t\t\t\t<\/div>\n\t\t\t\t\t<\/div>\n\t\t\t\t<\/div>\n\t\t<div class=\"elementor-element elementor-element-4fb8b92 e-flex e-con-boxed e-con e-parent\" data-id=\"4fb8b92\" data-element_type=\"container\">\n\t\t\t\t\t<div class=\"e-con-inner\">\n\t\t<div class=\"elementor-element elementor-element-69dd7e9 e-con-full e-flex e-con e-child\" data-id=\"69dd7e9\" data-element_type=\"container\">\n\t\t\t\t<div class=\"elementor-element elementor-element-a108fbe elementor-widget elementor-widget-heading\" data-id=\"a108fbe\" data-element_type=\"widget\" data-widget_type=\"heading.default\">\n\t\t\t\t\t<h3 class=\"elementor-heading-title elementor-size-default\">Joli-Bois \"L'Agora\"<\/h3>\t\t\t\t<\/div>\n\t\t\t\t<\/div>\n\t\t\t\t\t<\/div>\n\t\t\t\t<\/div>\n\t\t<div class=\"elementor-element elementor-element-f26ee2a e-flex e-con-boxed e-con e-parent\" data-id=\"f26ee2a\" data-element_type=\"container\">\n\t\t\t\t\t<div class=\"e-con-inner\">\n\t\t<div class=\"elementor-element elementor-element-aa6dc4d e-con-full e-flex e-con e-child\" data-id=\"aa6dc4d\" data-element_type=\"container\">\n\t\t\t\t<div class=\"elementor-element elementor-element-feac221 elementor-widget elementor-widget-text-editor\" data-id=\"feac221\" data-element_type=\"widget\" data-widget_type=\"text-editor.default\">\n\t\t\t\t\t\t\t\t\t<p data-start=\"126\" data-end=\"171\"><strong data-start=\"126\" data-end=\"152\">Dr\u00e8ve des Shetlands 15<\/strong><br data-start=\"152\" data-end=\"155\" \/><strong data-start=\"155\" data-end=\"171\">1150 Brussel<\/strong><\/p><p data-start=\"173\" data-end=\"244\">De Dr\u00e8ve des Shetlands is bereikbaar via de <strong data-start=\"217\" data-end=\"243\">Avenue des Grands Prix<\/strong>.<\/p><p data-start=\"246\" data-end=\"318\">De <strong data-start=\"249\" data-end=\"260\">parking<\/strong> en de <strong data-start=\"267\" data-end=\"277\">ingang<\/strong> bevinden zich in de Dr\u00e8ve des Shetlands.<\/p><p data-start=\"320\" data-end=\"444\">De <strong data-start=\"323\" data-end=\"350\">hoofdingang van L\u2019Agora<\/strong> ligt echter aan de <strong data-start=\"370\" data-end=\"389\">Avenue du Haras<\/strong><br data-start=\"389\" data-end=\"392\" \/>(er is mogelijkheid om rond het gebouw te wandelen).<\/p>\t\t\t\t\t\t\t\t<\/div>\n\t\t\t\t<\/div>\n\t\t<div class=\"elementor-element elementor-element-cfeb4b2 e-con-full e-flex e-con e-child\" data-id=\"cfeb4b2\" data-element_type=\"container\">\n\t\t\t\t<div class=\"elementor-element elementor-element-7aa419f elementor-widget elementor-widget-image\" data-id=\"7aa419f\" data-element_type=\"widget\" data-widget_type=\"image.default\">\n\t\t\t\t\t\t\t\t\t\t\t\t\t\t\t<img fetchpriority=\"high\" decoding=\"async\" width=\"800\" height=\"600\" src=\"https:\/\/www.brusselscardshow.be\/wp-content\/uploads\/2025\/12\/picture-1761227754-1024x768.jpeg\" class=\"attachment-large size-large wp-image-285\" alt=\"L&#039;Agora\" srcset=\"https:\/\/www.brusselscardshow.be\/wp-content\/uploads\/2025\/12\/picture-1761227754-1024x768.jpeg 1024w, https:\/\/www.brusselscardshow.be\/wp-content\/uploads\/2025\/12\/picture-1761227754-300x225.jpeg 300w, https:\/\/www.brusselscardshow.be\/wp-content\/uploads\/2025\/12\/picture-1761227754-768x576.jpeg 768w, https:\/\/www.brusselscardshow.be\/wp-content\/uploads\/2025\/12\/picture-1761227754-600x450.jpeg 600w, https:\/\/www.brusselscardshow.be\/wp-content\/uploads\/2025\/12\/picture-1761227754.jpeg 1440w\" sizes=\"(max-width: 800px) 100vw, 800px\" \/>\t\t\t\t\t\t\t\t\t\t\t\t\t\t\t<\/div>\n\t\t\t\t<\/div>\n\t\t\t\t\t<\/div>\n\t\t\t\t<\/div>\n\t\t<div class=\"elementor-element elementor-element-ea91402 e-flex e-con-boxed e-con e-parent\" data-id=\"ea91402\" data-element_type=\"container\">\n\t\t\t\t\t<div class=\"e-con-inner\">\n\t\t\t\t<div class=\"elementor-element elementor-element-8aaf1f3 elementor-widget elementor-widget-google_maps\" data-id=\"8aaf1f3\" data-element_type=\"widget\" data-widget_type=\"google_maps.default\">\n\t\t\t\t\t\t\t<div class=\"elementor-custom-embed\">\n\t\t\t<iframe loading=\"lazy\"\n\t\t\t\t\tsrc=\"https:\/\/maps.google.com\/maps?q=dr%C3%A8ve%20des%20sheitlands%2015&#038;t=m&#038;z=17&#038;output=embed&#038;iwloc=near\"\n\t\t\t\t\ttitle=\"dr\u00e8ve des sheitlands 15\"\n\t\t\t\t\taria-label=\"dr\u00e8ve des sheitlands 15\"\n\t\t\t><\/iframe>\n\t\t<\/div>\n\t\t\t\t\t\t<\/div>\n\t\t\t\t\t<\/div>\n\t\t\t\t<\/div>\n\t\t<div class=\"elementor-element elementor-element-777be79 e-con-full e-flex e-con e-parent\" data-id=\"777be79\" data-element_type=\"container\">\n\t\t<div class=\"elementor-element elementor-element-8849783 e-con-full e-flex e-con e-child\" data-id=\"8849783\" data-element_type=\"container\">\n\t\t<div class=\"elementor-element elementor-element-b7f4300 e-con-full e-flex e-con e-child\" data-id=\"b7f4300\" data-element_type=\"container\">\n\t\t\t\t<div class=\"elementor-element elementor-element-0127947 elementor-widget elementor-widget-heading\" data-id=\"0127947\" data-element_type=\"widget\" data-widget_type=\"heading.default\">\n\t\t\t\t\t<h3 class=\"elementor-heading-title elementor-size-default\">Toegang met de auto<\/h3>\t\t\t\t<\/div>\n\t\t\t\t<div class=\"elementor-element elementor-element-55203dc elementor-widget elementor-widget-text-editor\" data-id=\"55203dc\" data-element_type=\"widget\" data-widget_type=\"text-editor.default\">\n\t\t\t\t\t\t\t\t\t<ul><li><strong>E411<\/strong> \u2192 afrit <strong>Oudergem<\/strong> en daarna richting Sint-Pieters-Woluwe<\/li><li><strong>Ring Oost (R0)<\/strong> \u2192 afrit <strong>Woluwe \/ Kraainem<\/strong><\/li><li>Volg vervolgens <strong>Sint-Pieters-Woluwe<\/strong> en daarna <strong>Joli-Bois<\/strong><\/li><li>Gratis parking beschikbaar rond de zaal en in de omliggende woonwijk.<\/li><\/ul>\t\t\t\t\t\t\t\t<\/div>\n\t\t\t\t<\/div>\n\t\t<div class=\"elementor-element elementor-element-64e36e6 e-con-full e-flex e-con e-child\" data-id=\"64e36e6\" data-element_type=\"container\">\n\t\t\t\t<div class=\"elementor-element elementor-element-25e5de2 elementor-widget elementor-widget-heading\" data-id=\"25e5de2\" data-element_type=\"widget\" data-widget_type=\"heading.default\">\n\t\t\t\t\t<h3 class=\"elementor-heading-title elementor-size-default\">Toegang met het openbaar vervoer<\/h3>\t\t\t\t<\/div>\n\t\t\t\t<div class=\"elementor-element elementor-element-e952635 elementor-widget elementor-widget-text-editor\" data-id=\"e952635\" data-element_type=\"widget\" data-widget_type=\"text-editor.default\">\n\t\t\t\t\t\t\t\t\t<p data-start=\"130\" data-end=\"240\"><strong data-start=\"130\" data-end=\"143\">\ud83d\ude8b Tram 39<\/strong><br data-start=\"143\" data-end=\"146\" \/>\u2192 Halte <strong>Aviation<\/strong> (3 min te voet)<br data-start=\"182\" data-end=\"185\" \/>\u2192 Rechtstreekse verbinding vanaf <strong data-start=\"210\" data-end=\"224\">Montgomery en Stockel<\/strong><\/p><p data-start=\"242\" data-end=\"294\"><strong data-start=\"242\" data-end=\"255\">\ud83d\ude8c Bus 36<\/strong><br data-start=\"255\" data-end=\"258\" \/>\u2192 Halte <strong data-start=\"266\" data-end=\"279\">Joli-Bois<\/strong> (4 min te voet)<\/p><p data-start=\"296\" data-end=\"386\"><strong data-start=\"296\" data-end=\"313\">Metro lijn 1<\/strong><br data-start=\"313\" data-end=\"316\" \/>\u2192 Afstappen aan <strong data-start=\"330\" data-end=\"344\">Montgomery\/Stockel<\/strong><br data-start=\"344\" data-end=\"347\" \/>\u2192 Overstap op <strong data-start=\"364\" data-end=\"374\">Tram 39<\/strong> \u2192 <strong>Aviation<\/strong><\/p>\t\t\t\t\t\t\t\t<\/div>\n\t\t\t\t<\/div>\n\t\t\t\t<\/div>\n\t\t\t\t<\/div>\n\t\t\t\t<\/div>\n\t\t","protected":false},"excerpt":{"rendered":"<p>13 December 2026 Het eerste grote verzamelkaarten-evenement in Brussel. Waar verzamelaars elkaar ontmoeten Praktische info De eerste editie van de Brussels Card Show vindt plaats op zondag 13 december 2026 in zaal L&#8217;Agora in Sint-Pieters-Woluwe, van 10u tot 18u. Brussels Card Show 2026!Een editie die v\u00f3\u00f3r alles is ontworpen voor verzamelaars: 50 collectionneurstafels 20 professionele [&hellip;]<\/p>\n","protected":false},"author":2,"featured_media":0,"parent":0,"menu_order":0,"comment_status":"closed","ping_status":"closed","template":"","meta":{"footnotes":""},"class_list":["post-779","page","type-page","status-publish","hentry"],"yoast_head":"<!-- This site is optimized with the Yoast SEO plugin v26.4 - https:\/\/yoast.com\/wordpress\/plugins\/seo\/ -->\n<title>Praktische info - Brussels Card Show<\/title>\n<meta name=\"robots\" content=\"index, follow, max-snippet:-1, max-image-preview:large, max-video-preview:-1\" \/>\n<link rel=\"canonical\" href=\"https:\/\/www.brusselscardshow.be\/nl\/praktische-info\/\" \/>\n<meta property=\"og:locale\" content=\"nl_NL\" \/>\n<meta property=\"og:type\" content=\"article\" \/>\n<meta property=\"og:title\" content=\"Praktische info - Brussels Card Show\" \/>\n<meta property=\"og:description\" content=\"13 December 2026 Het eerste grote verzamelkaarten-evenement in Brussel. Waar verzamelaars elkaar ontmoeten Praktische info De eerste editie van de Brussels Card Show vindt plaats op zondag 13 december 2026 in zaal L&#8217;Agora in Sint-Pieters-Woluwe, van 10u tot 18u. Brussels Card Show 2026!Een editie die v\u00f3\u00f3r alles is ontworpen voor verzamelaars: 50 collectionneurstafels 20 professionele [&hellip;]\" \/>\n<meta property=\"og:url\" content=\"https:\/\/www.brusselscardshow.be\/nl\/praktische-info\/\" \/>\n<meta property=\"og:site_name\" content=\"Brussels Card Show\" \/>\n<meta property=\"article:modified_time\" content=\"2025-12-15T13:16:24+00:00\" \/>\n<meta property=\"og:image\" content=\"https:\/\/www.brusselscardshow.be\/wp-content\/uploads\/2025\/11\/cropped-logo-bcs.png\" \/>\n\t<meta property=\"og:image:width\" content=\"512\" \/>\n\t<meta property=\"og:image:height\" content=\"512\" \/>\n\t<meta property=\"og:image:type\" content=\"image\/png\" \/>\n<meta name=\"twitter:card\" content=\"summary_large_image\" \/>\n<meta name=\"twitter:label1\" content=\"Geschatte leestijd\" \/>\n\t<meta name=\"twitter:data1\" content=\"2 minuten\" \/>\n<script type=\"application\/ld+json\" class=\"yoast-schema-graph\">{\"@context\":\"https:\/\/schema.org\",\"@graph\":[{\"@type\":\"WebPage\",\"@id\":\"https:\/\/www.brusselscardshow.be\/nl\/praktische-info\/\",\"url\":\"https:\/\/www.brusselscardshow.be\/nl\/praktische-info\/\",\"name\":\"Praktische info - Brussels Card Show\",\"isPartOf\":{\"@id\":\"https:\/\/www.brusselscardshow.be\/nl\/#website\"},\"primaryImageOfPage\":{\"@id\":\"https:\/\/www.brusselscardshow.be\/nl\/praktische-info\/#primaryimage\"},\"image\":{\"@id\":\"https:\/\/www.brusselscardshow.be\/nl\/praktische-info\/#primaryimage\"},\"thumbnailUrl\":\"https:\/\/www.brusselscardshow.be\/wp-content\/uploads\/2025\/11\/cropped-logo-bcs-150x150.png\",\"datePublished\":\"2025-12-05T14:21:04+00:00\",\"dateModified\":\"2025-12-15T13:16:24+00:00\",\"breadcrumb\":{\"@id\":\"https:\/\/www.brusselscardshow.be\/nl\/praktische-info\/#breadcrumb\"},\"inLanguage\":\"nl-NL\",\"potentialAction\":[{\"@type\":\"ReadAction\",\"target\":[\"https:\/\/www.brusselscardshow.be\/nl\/praktische-info\/\"]}]},{\"@type\":\"ImageObject\",\"inLanguage\":\"nl-NL\",\"@id\":\"https:\/\/www.brusselscardshow.be\/nl\/praktische-info\/#primaryimage\",\"url\":\"https:\/\/www.brusselscardshow.be\/wp-content\/uploads\/2025\/11\/cropped-logo-bcs-150x150.png\",\"contentUrl\":\"https:\/\/www.brusselscardshow.be\/wp-content\/uploads\/2025\/11\/cropped-logo-bcs-150x150.png\"},{\"@type\":\"BreadcrumbList\",\"@id\":\"https:\/\/www.brusselscardshow.be\/nl\/praktische-info\/#breadcrumb\",\"itemListElement\":[{\"@type\":\"ListItem\",\"position\":1,\"name\":\"Accueil\",\"item\":\"https:\/\/www.brusselscardshow.be\/nl\/\"},{\"@type\":\"ListItem\",\"position\":2,\"name\":\"Praktische info\"}]},{\"@type\":\"WebSite\",\"@id\":\"https:\/\/www.brusselscardshow.be\/nl\/#website\",\"url\":\"https:\/\/www.brusselscardshow.be\/nl\/\",\"name\":\"Brussels Card Show\",\"description\":\"Le premier grand \u00e9v\u00e8nement de cartes \u00e0 collectionner \u00e0 Bruxelles\",\"publisher\":{\"@id\":\"https:\/\/www.brusselscardshow.be\/nl\/#organization\"},\"potentialAction\":[{\"@type\":\"SearchAction\",\"target\":{\"@type\":\"EntryPoint\",\"urlTemplate\":\"https:\/\/www.brusselscardshow.be\/nl\/?s={search_term_string}\"},\"query-input\":{\"@type\":\"PropertyValueSpecification\",\"valueRequired\":true,\"valueName\":\"search_term_string\"}}],\"inLanguage\":\"nl-NL\"},{\"@type\":\"Organization\",\"@id\":\"https:\/\/www.brusselscardshow.be\/nl\/#organization\",\"name\":\"Brussels Card Show\",\"url\":\"https:\/\/www.brusselscardshow.be\/nl\/\",\"logo\":{\"@type\":\"ImageObject\",\"inLanguage\":\"nl-NL\",\"@id\":\"https:\/\/www.brusselscardshow.be\/nl\/#\/schema\/logo\/image\/\",\"url\":\"https:\/\/www.brusselscardshow.be\/wp-content\/uploads\/2025\/11\/cropped-logo-bcs.png\",\"contentUrl\":\"https:\/\/www.brusselscardshow.be\/wp-content\/uploads\/2025\/11\/cropped-logo-bcs.png\",\"width\":512,\"height\":512,\"caption\":\"Brussels Card Show\"},\"image\":{\"@id\":\"https:\/\/www.brusselscardshow.be\/nl\/#\/schema\/logo\/image\/\"}}]}<\/script>\n<!-- \/ Yoast SEO plugin. -->","yoast_head_json":{"title":"Praktische info - Brussels Card Show","robots":{"index":"index","follow":"follow","max-snippet":"max-snippet:-1","max-image-preview":"max-image-preview:large","max-video-preview":"max-video-preview:-1"},"canonical":"https:\/\/www.brusselscardshow.be\/nl\/praktische-info\/","og_locale":"nl_NL","og_type":"article","og_title":"Praktische info - Brussels Card Show","og_description":"13 December 2026 Het eerste grote verzamelkaarten-evenement in Brussel. Waar verzamelaars elkaar ontmoeten Praktische info De eerste editie van de Brussels Card Show vindt plaats op zondag 13 december 2026 in zaal L&#8217;Agora in Sint-Pieters-Woluwe, van 10u tot 18u. Brussels Card Show 2026!Een editie die v\u00f3\u00f3r alles is ontworpen voor verzamelaars: 50 collectionneurstafels 20 professionele [&hellip;]","og_url":"https:\/\/www.brusselscardshow.be\/nl\/praktische-info\/","og_site_name":"Brussels Card Show","article_modified_time":"2025-12-15T13:16:24+00:00","og_image":[{"width":512,"height":512,"url":"https:\/\/www.brusselscardshow.be\/wp-content\/uploads\/2025\/11\/cropped-logo-bcs.png","type":"image\/png"}],"twitter_card":"summary_large_image","twitter_misc":{"Geschatte leestijd":"2 minuten"},"schema":{"@context":"https:\/\/schema.org","@graph":[{"@type":"WebPage","@id":"https:\/\/www.brusselscardshow.be\/nl\/praktische-info\/","url":"https:\/\/www.brusselscardshow.be\/nl\/praktische-info\/","name":"Praktische info - Brussels Card Show","isPartOf":{"@id":"https:\/\/www.brusselscardshow.be\/nl\/#website"},"primaryImageOfPage":{"@id":"https:\/\/www.brusselscardshow.be\/nl\/praktische-info\/#primaryimage"},"image":{"@id":"https:\/\/www.brusselscardshow.be\/nl\/praktische-info\/#primaryimage"},"thumbnailUrl":"https:\/\/www.brusselscardshow.be\/wp-content\/uploads\/2025\/11\/cropped-logo-bcs-150x150.png","datePublished":"2025-12-05T14:21:04+00:00","dateModified":"2025-12-15T13:16:24+00:00","breadcrumb":{"@id":"https:\/\/www.brusselscardshow.be\/nl\/praktische-info\/#breadcrumb"},"inLanguage":"nl-NL","potentialAction":[{"@type":"ReadAction","target":["https:\/\/www.brusselscardshow.be\/nl\/praktische-info\/"]}]},{"@type":"ImageObject","inLanguage":"nl-NL","@id":"https:\/\/www.brusselscardshow.be\/nl\/praktische-info\/#primaryimage","url":"https:\/\/www.brusselscardshow.be\/wp-content\/uploads\/2025\/11\/cropped-logo-bcs-150x150.png","contentUrl":"https:\/\/www.brusselscardshow.be\/wp-content\/uploads\/2025\/11\/cropped-logo-bcs-150x150.png"},{"@type":"BreadcrumbList","@id":"https:\/\/www.brusselscardshow.be\/nl\/praktische-info\/#breadcrumb","itemListElement":[{"@type":"ListItem","position":1,"name":"Accueil","item":"https:\/\/www.brusselscardshow.be\/nl\/"},{"@type":"ListItem","position":2,"name":"Praktische info"}]},{"@type":"WebSite","@id":"https:\/\/www.brusselscardshow.be\/nl\/#website","url":"https:\/\/www.brusselscardshow.be\/nl\/","name":"Brussels Card Show","description":"Le premier grand \u00e9v\u00e8nement de cartes \u00e0 collectionner \u00e0 Bruxelles","publisher":{"@id":"https:\/\/www.brusselscardshow.be\/nl\/#organization"},"potentialAction":[{"@type":"SearchAction","target":{"@type":"EntryPoint","urlTemplate":"https:\/\/www.brusselscardshow.be\/nl\/?s={search_term_string}"},"query-input":{"@type":"PropertyValueSpecification","valueRequired":true,"valueName":"search_term_string"}}],"inLanguage":"nl-NL"},{"@type":"Organization","@id":"https:\/\/www.brusselscardshow.be\/nl\/#organization","name":"Brussels Card Show","url":"https:\/\/www.brusselscardshow.be\/nl\/","logo":{"@type":"ImageObject","inLanguage":"nl-NL","@id":"https:\/\/www.brusselscardshow.be\/nl\/#\/schema\/logo\/image\/","url":"https:\/\/www.brusselscardshow.be\/wp-content\/uploads\/2025\/11\/cropped-logo-bcs.png","contentUrl":"https:\/\/www.brusselscardshow.be\/wp-content\/uploads\/2025\/11\/cropped-logo-bcs.png","width":512,"height":512,"caption":"Brussels Card Show"},"image":{"@id":"https:\/\/www.brusselscardshow.be\/nl\/#\/schema\/logo\/image\/"}}]}},"_links":{"self":[{"href":"https:\/\/www.brusselscardshow.be\/nl\/wp-json\/wp\/v2\/pages\/779","targetHints":{"allow":["GET"]}}],"collection":[{"href":"https:\/\/www.brusselscardshow.be\/nl\/wp-json\/wp\/v2\/pages"}],"about":[{"href":"https:\/\/www.brusselscardshow.be\/nl\/wp-json\/wp\/v2\/types\/page"}],"author":[{"embeddable":true,"href":"https:\/\/www.brusselscardshow.be\/nl\/wp-json\/wp\/v2\/users\/2"}],"replies":[{"embeddable":true,"href":"https:\/\/www.brusselscardshow.be\/nl\/wp-json\/wp\/v2\/comments?post=779"}],"version-history":[{"count":6,"href":"https:\/\/www.brusselscardshow.be\/nl\/wp-json\/wp\/v2\/pages\/779\/revisions"}],"predecessor-version":[{"id":785,"href":"https:\/\/www.brusselscardshow.be\/nl\/wp-json\/wp\/v2\/pages\/779\/revisions\/785"}],"wp:attachment":[{"href":"https:\/\/www.brusselscardshow.be\/nl\/wp-json\/wp\/v2\/media?parent=779"}],"curies":[{"name":"wp","href":"https:\/\/api.w.org\/{rel}","templated":true}]}}