{"id":188,"date":"2025-11-28T11:55:56","date_gmt":"2025-11-28T10:55:56","guid":{"rendered":"https:\/\/www.brusselscardshow.be\/?page_id=188"},"modified":"2025-12-15T13:54:58","modified_gmt":"2025-12-15T12:54:58","slug":"accueil","status":"publish","type":"page","link":"https:\/\/www.brusselscardshow.be\/nl\/","title":{"rendered":"Home"},"content":{"rendered":"\t\t<div data-elementor-type=\"wp-page\" data-elementor-id=\"188\" class=\"elementor elementor-188 elementor-2\" data-elementor-post-type=\"page\">\n\t\t\t\t<div class=\"elementor-element elementor-element-04ac715 e-flex e-con-boxed e-con e-parent\" data-id=\"04ac715\" data-element_type=\"container\">\n\t\t\t\t\t<div class=\"e-con-inner\">\n\t\t<div class=\"elementor-element elementor-element-f59a9fe e-con-full e-flex e-con e-child\" data-id=\"f59a9fe\" data-element_type=\"container\">\n\t\t\t\t<div class=\"elementor-element elementor-element-c47e2c6 elementor-widget__width-auto elementor-widget elementor-widget-image\" data-id=\"c47e2c6\" data-element_type=\"widget\" data-widget_type=\"image.default\">\n\t\t\t\t\t\t\t\t\t\t\t\t\t\t\t<img decoding=\"async\" width=\"150\" height=\"150\" src=\"https:\/\/www.brusselscardshow.be\/wp-content\/uploads\/2025\/11\/cropped-logo-bcs-150x150.png\" class=\"attachment-thumbnail size-thumbnail wp-image-14\" alt=\"\" srcset=\"https:\/\/www.brusselscardshow.be\/wp-content\/uploads\/2025\/11\/cropped-logo-bcs-150x150.png 150w, https:\/\/www.brusselscardshow.be\/wp-content\/uploads\/2025\/11\/cropped-logo-bcs-300x300.png 300w, https:\/\/www.brusselscardshow.be\/wp-content\/uploads\/2025\/11\/cropped-logo-bcs-270x270.png 270w, https:\/\/www.brusselscardshow.be\/wp-content\/uploads\/2025\/11\/cropped-logo-bcs-192x192.png 192w, https:\/\/www.brusselscardshow.be\/wp-content\/uploads\/2025\/11\/cropped-logo-bcs-180x180.png 180w, https:\/\/www.brusselscardshow.be\/wp-content\/uploads\/2025\/11\/cropped-logo-bcs-32x32.png 32w, https:\/\/www.brusselscardshow.be\/wp-content\/uploads\/2025\/11\/elementor\/thumbs\/cropped-logo-bcs-rfdcboj1us04fa3l2kriql9d9vaeq0jc4d7841iyyc.png 50w, https:\/\/www.brusselscardshow.be\/wp-content\/uploads\/2025\/11\/elementor\/thumbs\/cropped-logo-bcs-rfdcboj27huosi2d927rcniw6apkxmgw86qbp1rkd2.png 79w, https:\/\/www.brusselscardshow.be\/wp-content\/uploads\/2025\/11\/cropped-logo-bcs.png 512w\" sizes=\"(max-width: 150px) 100vw, 150px\" \/>\t\t\t\t\t\t\t\t\t\t\t\t\t\t\t<\/div>\n\t\t\t\t<div class=\"elementor-element elementor-element-fe43259 elementor-widget__width-auto elementor-widget elementor-widget-heading\" data-id=\"fe43259\" data-element_type=\"widget\" data-widget_type=\"heading.default\">\n\t\t\t\t\t<span class=\"elementor-heading-title elementor-size-default\">13 December 2026<\/span>\t\t\t\t<\/div>\n\t\t\t\t<\/div>\n\t\t<div class=\"elementor-element elementor-element-c77ab1f e-con-full e-flex e-con e-child\" data-id=\"c77ab1f\" data-element_type=\"container\">\n\t\t\t\t<div class=\"elementor-element elementor-element-a47d073 elementor-widget elementor-widget-heading\" data-id=\"a47d073\" data-element_type=\"widget\" data-widget_type=\"heading.default\">\n\t\t\t\t\t<h1 class=\"elementor-heading-title elementor-size-default\">Het eerste grote\nverzamelkaarten-evenement\nin Brussel.<\/h1>\t\t\t\t<\/div>\n\t\t<div class=\"elementor-element elementor-element-909a57e e-grid e-con-full e-con e-child\" data-id=\"909a57e\" data-element_type=\"container\">\n\t\t\t\t<div class=\"elementor-element elementor-element-f678fd8 elementor-widget elementor-widget-heading\" data-id=\"f678fd8\" data-element_type=\"widget\" data-widget_type=\"heading.default\">\n\t\t\t\t\t<p class=\"elementor-heading-title elementor-size-default\">Waar verzamelaars elkaar ontmoeten<\/p>\t\t\t\t<\/div>\n\t\t\t\t<\/div>\n\t\t\t\t<\/div>\n\t\t\t\t\t<\/div>\n\t\t\t\t<\/div>\n\t\t<div class=\"elementor-element elementor-element-ae68d8c e-flex e-con-boxed e-con e-parent\" data-id=\"ae68d8c\" data-element_type=\"container\">\n\t\t\t\t\t<div class=\"e-con-inner\">\n\t\t<div class=\"elementor-element elementor-element-460141a e-con-full e-flex e-con e-child\" data-id=\"460141a\" data-element_type=\"container\">\n\t\t<div class=\"elementor-element elementor-element-2b26e78 e-con-full e-flex e-con e-child\" data-id=\"2b26e78\" data-element_type=\"container\">\n\t\t\t\t<div class=\"elementor-element elementor-element-3e57fca elementor-widget elementor-widget-image\" data-id=\"3e57fca\" data-element_type=\"widget\" data-widget_type=\"image.default\">\n\t\t\t\t\t\t\t\t\t\t\t\t\t\t\t<img fetchpriority=\"high\" decoding=\"async\" width=\"1343\" height=\"1900\" src=\"https:\/\/www.brusselscardshow.be\/wp-content\/uploads\/2025\/12\/affiche-bcs.jpg\" class=\"attachment-full size-full wp-image-334\" alt=\"\" srcset=\"https:\/\/www.brusselscardshow.be\/wp-content\/uploads\/2025\/12\/affiche-bcs.jpg 1343w, https:\/\/www.brusselscardshow.be\/wp-content\/uploads\/2025\/12\/affiche-bcs-212x300.jpg 212w, https:\/\/www.brusselscardshow.be\/wp-content\/uploads\/2025\/12\/affiche-bcs-724x1024.jpg 724w, https:\/\/www.brusselscardshow.be\/wp-content\/uploads\/2025\/12\/affiche-bcs-768x1087.jpg 768w, https:\/\/www.brusselscardshow.be\/wp-content\/uploads\/2025\/12\/affiche-bcs-1086x1536.jpg 1086w, https:\/\/www.brusselscardshow.be\/wp-content\/uploads\/2025\/12\/affiche-bcs-300x424.jpg 300w, https:\/\/www.brusselscardshow.be\/wp-content\/uploads\/2025\/12\/affiche-bcs-600x849.jpg 600w\" sizes=\"(max-width: 1343px) 100vw, 1343px\" \/>\t\t\t\t\t\t\t\t\t\t\t\t\t\t\t<\/div>\n\t\t\t\t<\/div>\n\t\t\t\t<\/div>\n\t\t<div class=\"elementor-element elementor-element-94054bd e-con-full e-flex e-con e-child\" data-id=\"94054bd\" data-element_type=\"container\">\n\t\t<div class=\"elementor-element elementor-element-8a2b5ee e-grid e-con-full e-con e-child\" data-id=\"8a2b5ee\" data-element_type=\"container\" data-settings=\"{&quot;background_background&quot;:&quot;classic&quot;}\">\n\t\t\t\t<div class=\"elementor-element elementor-element-7be1c4c elementor-countdown--label-block elementor-widget elementor-widget-countdown\" data-id=\"7be1c4c\" data-element_type=\"widget\" data-widget_type=\"countdown.default\">\n\t\t\t\t\t\t\t<div class=\"elementor-countdown-wrapper\" data-date=\"1797148800\">\n\t\t\t<div class=\"elementor-countdown-item\"><span class=\"elementor-countdown-digits elementor-countdown-days\"><\/span> <span class=\"elementor-countdown-label\">Dagen<\/span><\/div><div class=\"elementor-countdown-item\"><span class=\"elementor-countdown-digits elementor-countdown-hours\"><\/span> <span class=\"elementor-countdown-label\">Uren<\/span><\/div><div class=\"elementor-countdown-item\"><span class=\"elementor-countdown-digits elementor-countdown-minutes\"><\/span> <span class=\"elementor-countdown-label\">Minuten<\/span><\/div><div class=\"elementor-countdown-item\"><span class=\"elementor-countdown-digits elementor-countdown-seconds\"><\/span> <span class=\"elementor-countdown-label\">Seconden<\/span><\/div>\t\t<\/div>\n\t\t\t\t\t\t<\/div>\n\t\t\t\t<div class=\"elementor-element elementor-element-ee5fd23 elementor-widget elementor-widget-text-editor\" data-id=\"ee5fd23\" data-element_type=\"widget\" data-widget_type=\"text-editor.default\">\n\t\t\t\t\t\t\t\t\t<p>Tot de deuren opengaan<\/p>\t\t\t\t\t\t\t\t<\/div>\n\t\t\t\t<\/div>\n\t\t<div class=\"elementor-element elementor-element-aee04c7 e-grid e-con-full e-con e-child\" data-id=\"aee04c7\" data-element_type=\"container\" data-settings=\"{&quot;background_background&quot;:&quot;classic&quot;}\">\n\t\t\t\t<div class=\"elementor-element elementor-element-6714584 elementor-widget elementor-widget-text-editor\" data-id=\"6714584\" data-element_type=\"widget\" data-widget_type=\"text-editor.default\">\n\t\t\t\t\t\t\t\t\t<h2><strong>Toegang<\/strong><br \/><strong>Gratis<\/strong><\/h2><p>Publieke toegang van 10u tot 18u<\/p>\t\t\t\t\t\t\t\t<\/div>\n\t\t\t\t<\/div>\n\t\t<div class=\"elementor-element elementor-element-68d3fb4 e-grid e-con-full e-con e-child\" data-id=\"68d3fb4\" data-element_type=\"container\" data-settings=\"{&quot;background_background&quot;:&quot;classic&quot;}\">\n\t\t\t\t<div class=\"elementor-element elementor-element-ab280b4 elementor-widget elementor-widget-text-editor\" data-id=\"ab280b4\" data-element_type=\"widget\" data-widget_type=\"text-editor.default\">\n\t\t\t\t\t\t\t\t\t<h2><strong>Adres<\/strong><br \/><strong>Jolis-Bois \u2013 L\u2019Agora<\/strong><br \/><strong>Dr\u00e8ve des Shetlands 15<\/strong><br \/><strong>1150 Brussel<\/strong><\/h2><p>Vlot bereikbaar met auto en openbaar vervoer<\/p>\t\t\t\t\t\t\t\t<\/div>\n\t\t\t\t<\/div>\n\t\t\t\t<\/div>\n\t\t\t\t\t<\/div>\n\t\t\t\t<\/div>\n\t\t<div class=\"elementor-element elementor-element-8b89918 e-flex e-con-boxed e-con e-parent\" data-id=\"8b89918\" data-element_type=\"container\">\n\t\t\t\t\t<div class=\"e-con-inner\">\n\t\t\t\t<div class=\"elementor-element elementor-element-67e60a2 elementor-grid-3 elementor-grid-tablet-3 elementor-grid-mobile-2 elementor-products-grid elementor-wc-products elementor-widget elementor-widget-woocommerce-products\" data-id=\"67e60a2\" data-element_type=\"widget\" data-widget_type=\"woocommerce-products.default\">\n\t\t\t\t<div class=\"elementor-widget-container\">\n\t\t\t\t\t<div class=\"woocommerce columns-3 \"><ul class=\"products elementor-grid columns-3\">\n<li class=\"product type-product post-399 status-publish first outofstock product_cat-ongecategoriseerd has-post-thumbnail virtual product-type-simple\">\n\t<a href=\"https:\/\/www.brusselscardshow.be\/nl\/produit\/visiteur-early-access\/\" class=\"woocommerce-LoopProduct-link woocommerce-loop-product__link\"><img decoding=\"async\" width=\"300\" height=\"400\" src=\"https:\/\/www.brusselscardshow.be\/wp-content\/uploads\/2025\/11\/early-300x400.png\" class=\"attachment-woocommerce_thumbnail size-woocommerce_thumbnail\" alt=\"Bezoeker \u2013 Early Ticket\" srcset=\"https:\/\/www.brusselscardshow.be\/wp-content\/uploads\/2025\/11\/early-300x400.png 300w, https:\/\/www.brusselscardshow.be\/wp-content\/uploads\/2025\/11\/early-225x300.png 225w, https:\/\/www.brusselscardshow.be\/wp-content\/uploads\/2025\/11\/early.png 450w\" sizes=\"(max-width: 300px) 100vw, 300px\" \/><h2 class=\"woocommerce-loop-product__title\">Bezoeker \u2013 Early Ticket<\/h2>\n<\/a><a href=\"https:\/\/www.brusselscardshow.be\/nl\/produit\/visiteur-early-access\/\" aria-describedby=\"woocommerce_loop_add_to_cart_link_describedby_399\" data-quantity=\"1\" class=\"button product_type_simple\" data-product_id=\"399\" data-product_sku=\"visitor-early-access\" aria-label=\"Lees meer over &ldquo;Bezoeker \u2013 Early Ticket&rdquo;\" rel=\"nofollow\" data-success_message=\"\">Lees verder<\/a>\t<span id=\"woocommerce_loop_add_to_cart_link_describedby_399\" class=\"screen-reader-text\">\n\t\t\t<\/span>\n<\/li>\n<li class=\"product type-product post-403 status-publish outofstock product_cat-ongecategoriseerd has-post-thumbnail virtual purchasable product-type-simple\">\n\t<a href=\"https:\/\/www.brusselscardshow.be\/nl\/produit\/collectionneur-prive\/\" class=\"woocommerce-LoopProduct-link woocommerce-loop-product__link\"><img loading=\"lazy\" decoding=\"async\" width=\"300\" height=\"400\" src=\"https:\/\/www.brusselscardshow.be\/wp-content\/uploads\/2025\/11\/tickets_collectionneurs_en-300x400.png\" class=\"attachment-woocommerce_thumbnail size-woocommerce_thumbnail\" alt=\"Collectors tafel\" srcset=\"https:\/\/www.brusselscardshow.be\/wp-content\/uploads\/2025\/11\/tickets_collectionneurs_en-300x400.png 300w, https:\/\/www.brusselscardshow.be\/wp-content\/uploads\/2025\/11\/tickets_collectionneurs_en-225x300.png 225w, https:\/\/www.brusselscardshow.be\/wp-content\/uploads\/2025\/11\/tickets_collectionneurs_en.png 450w\" sizes=\"(max-width: 300px) 100vw, 300px\" \/><h2 class=\"woocommerce-loop-product__title\">Collectors tafel<\/h2>\n\t<span class=\"price\"><span class=\"woocommerce-Price-amount amount\"><bdi>30,00&nbsp;<span class=\"woocommerce-Price-currencySymbol\">&euro;<\/span><\/bdi><\/span><\/span>\n<\/a><a href=\"https:\/\/www.brusselscardshow.be\/nl\/produit\/collectionneur-prive\/\" aria-describedby=\"woocommerce_loop_add_to_cart_link_describedby_403\" data-quantity=\"1\" class=\"button product_type_simple\" data-product_id=\"403\" data-product_sku=\"exhibitor-private\" aria-label=\"Lees meer over &ldquo;Collectors tafel&rdquo;\" rel=\"nofollow\" data-success_message=\"\">Lees verder<\/a>\t<span id=\"woocommerce_loop_add_to_cart_link_describedby_403\" class=\"screen-reader-text\">\n\t\t\t<\/span>\n<\/li>\n<li class=\"product type-product post-407 status-publish last outofstock product_cat-ongecategoriseerd has-post-thumbnail virtual purchasable product-type-simple\">\n\t<a href=\"https:\/\/www.brusselscardshow.be\/nl\/produit\/collectionneur-professionnel\/\" class=\"woocommerce-LoopProduct-link woocommerce-loop-product__link\"><img loading=\"lazy\" decoding=\"async\" width=\"300\" height=\"400\" src=\"https:\/\/www.brusselscardshow.be\/wp-content\/uploads\/2025\/11\/tickets_pro_en-300x400.png\" class=\"attachment-woocommerce_thumbnail size-woocommerce_thumbnail\" alt=\"Pro exhibitor\" srcset=\"https:\/\/www.brusselscardshow.be\/wp-content\/uploads\/2025\/11\/tickets_pro_en-300x400.png 300w, https:\/\/www.brusselscardshow.be\/wp-content\/uploads\/2025\/11\/tickets_pro_en-225x300.png 225w, https:\/\/www.brusselscardshow.be\/wp-content\/uploads\/2025\/11\/tickets_pro_en.png 450w\" sizes=\"(max-width: 300px) 100vw, 300px\" \/><h2 class=\"woocommerce-loop-product__title\">Pro exhibitor<\/h2>\n\t<span class=\"price\"><span class=\"woocommerce-Price-amount amount\"><bdi>120,00&nbsp;<span class=\"woocommerce-Price-currencySymbol\">&euro;<\/span><\/bdi><\/span><\/span>\n<\/a><a href=\"https:\/\/www.brusselscardshow.be\/nl\/produit\/collectionneur-professionnel\/\" aria-describedby=\"woocommerce_loop_add_to_cart_link_describedby_407\" data-quantity=\"1\" class=\"button product_type_simple\" data-product_id=\"407\" data-product_sku=\"exhibitor-professional\" aria-label=\"Lees meer over &ldquo;Pro exhibitor&rdquo;\" rel=\"nofollow\" data-success_message=\"\">Lees verder<\/a>\t<span id=\"woocommerce_loop_add_to_cart_link_describedby_407\" class=\"screen-reader-text\">\n\t\t\t<\/span>\n<\/li>\n<\/ul>\n<\/div>\t\t\t\t<\/div>\n\t\t\t\t<\/div>\n\t\t\t\t\t<\/div>\n\t\t\t\t<\/div>\n\t\t\t\t<\/div>\n\t\t","protected":false},"excerpt":{"rendered":"<p>13 December 2026 Het eerste grote verzamelkaarten-evenement in Brussel. Waar verzamelaars elkaar ontmoeten Jours Heures Minutes Secondes Tot de deuren opengaan ToegangGratis Publieke toegang van 10u tot 18u AdresJolis-Bois \u2013 L\u2019AgoraDr\u00e8ve des Shetlands 151150 Brussel Vlot bereikbaar met auto en openbaar vervoer<\/p>\n","protected":false},"author":1,"featured_media":0,"parent":0,"menu_order":0,"comment_status":"closed","ping_status":"closed","template":"","meta":{"footnotes":""},"class_list":["post-188","page","type-page","status-publish","hentry"],"yoast_head":"<!-- This site is optimized with the Yoast SEO plugin v26.4 - https:\/\/yoast.com\/wordpress\/plugins\/seo\/ -->\n<title>Home - Brussels Card Show<\/title>\n<meta name=\"robots\" content=\"index, follow, max-snippet:-1, max-image-preview:large, max-video-preview:-1\" \/>\n<link rel=\"canonical\" href=\"https:\/\/www.brusselscardshow.be\/nl\/\" \/>\n<meta property=\"og:locale\" content=\"nl_NL\" \/>\n<meta property=\"og:type\" content=\"article\" \/>\n<meta property=\"og:title\" content=\"Home - Brussels Card Show\" \/>\n<meta property=\"og:description\" content=\"13 December 2026 Het eerste grote verzamelkaarten-evenement in Brussel. Waar verzamelaars elkaar ontmoeten Jours Heures Minutes Secondes Tot de deuren opengaan ToegangGratis Publieke toegang van 10u tot 18u AdresJolis-Bois \u2013 L\u2019AgoraDr\u00e8ve des Shetlands 151150 Brussel Vlot bereikbaar met auto en openbaar vervoer\" \/>\n<meta property=\"og:url\" content=\"https:\/\/www.brusselscardshow.be\/nl\/\" \/>\n<meta property=\"og:site_name\" content=\"Brussels Card Show\" \/>\n<meta property=\"article:modified_time\" content=\"2025-12-15T12:54:58+00:00\" \/>\n<meta property=\"og:image\" content=\"https:\/\/www.brusselscardshow.be\/wp-content\/uploads\/2025\/11\/cropped-logo-bcs-300x300.png\" \/>\n<meta name=\"twitter:card\" content=\"summary_large_image\" \/>\n<meta name=\"twitter:image\" content=\"https:\/\/www.brusselscardshow.be\/wp-content\/uploads\/2025\/11\/cropped-logo-bcs.png\" \/>\n<meta name=\"twitter:label1\" content=\"Geschatte leestijd\" \/>\n\t<meta name=\"twitter:data1\" content=\"1 minuut\" \/>\n<script type=\"application\/ld+json\" class=\"yoast-schema-graph\">{\"@context\":\"https:\/\/schema.org\",\"@graph\":[{\"@type\":\"WebPage\",\"@id\":\"https:\/\/www.brusselscardshow.be\/nl\/\",\"url\":\"https:\/\/www.brusselscardshow.be\/nl\/\",\"name\":\"Home - Brussels Card Show\",\"isPartOf\":{\"@id\":\"https:\/\/www.brusselscardshow.be\/nl\/#website\"},\"primaryImageOfPage\":{\"@id\":\"https:\/\/www.brusselscardshow.be\/nl\/#primaryimage\"},\"image\":{\"@id\":\"https:\/\/www.brusselscardshow.be\/nl\/#primaryimage\"},\"thumbnailUrl\":\"https:\/\/www.brusselscardshow.be\/wp-content\/uploads\/2025\/11\/cropped-logo-bcs-150x150.png\",\"datePublished\":\"2025-11-28T10:55:56+00:00\",\"dateModified\":\"2025-12-15T12:54:58+00:00\",\"breadcrumb\":{\"@id\":\"https:\/\/www.brusselscardshow.be\/nl\/#breadcrumb\"},\"inLanguage\":\"nl-NL\",\"potentialAction\":[{\"@type\":\"ReadAction\",\"target\":[\"https:\/\/www.brusselscardshow.be\/nl\/\"]}]},{\"@type\":\"ImageObject\",\"inLanguage\":\"nl-NL\",\"@id\":\"https:\/\/www.brusselscardshow.be\/nl\/#primaryimage\",\"url\":\"https:\/\/www.brusselscardshow.be\/wp-content\/uploads\/2025\/11\/cropped-logo-bcs-150x150.png\",\"contentUrl\":\"https:\/\/www.brusselscardshow.be\/wp-content\/uploads\/2025\/11\/cropped-logo-bcs-150x150.png\"},{\"@type\":\"BreadcrumbList\",\"@id\":\"https:\/\/www.brusselscardshow.be\/nl\/#breadcrumb\",\"itemListElement\":[{\"@type\":\"ListItem\",\"position\":1,\"name\":\"Accueil\",\"item\":\"https:\/\/www.brusselscardshow.be\/nl\/\"},{\"@type\":\"ListItem\",\"position\":2,\"name\":\"Home\"}]},{\"@type\":\"WebSite\",\"@id\":\"https:\/\/www.brusselscardshow.be\/nl\/#website\",\"url\":\"https:\/\/www.brusselscardshow.be\/nl\/\",\"name\":\"Brussels Card Show\",\"description\":\"Le premier grand \u00e9v\u00e8nement de cartes \u00e0 collectionner \u00e0 Bruxelles\",\"publisher\":{\"@id\":\"https:\/\/www.brusselscardshow.be\/nl\/#organization\"},\"potentialAction\":[{\"@type\":\"SearchAction\",\"target\":{\"@type\":\"EntryPoint\",\"urlTemplate\":\"https:\/\/www.brusselscardshow.be\/nl\/?s={search_term_string}\"},\"query-input\":{\"@type\":\"PropertyValueSpecification\",\"valueRequired\":true,\"valueName\":\"search_term_string\"}}],\"inLanguage\":\"nl-NL\"},{\"@type\":\"Organization\",\"@id\":\"https:\/\/www.brusselscardshow.be\/nl\/#organization\",\"name\":\"Brussels Card Show\",\"url\":\"https:\/\/www.brusselscardshow.be\/nl\/\",\"logo\":{\"@type\":\"ImageObject\",\"inLanguage\":\"nl-NL\",\"@id\":\"https:\/\/www.brusselscardshow.be\/nl\/#\/schema\/logo\/image\/\",\"url\":\"https:\/\/www.brusselscardshow.be\/wp-content\/uploads\/2025\/11\/cropped-logo-bcs.png\",\"contentUrl\":\"https:\/\/www.brusselscardshow.be\/wp-content\/uploads\/2025\/11\/cropped-logo-bcs.png\",\"width\":512,\"height\":512,\"caption\":\"Brussels Card Show\"},\"image\":{\"@id\":\"https:\/\/www.brusselscardshow.be\/nl\/#\/schema\/logo\/image\/\"}}]}<\/script>\n<!-- \/ Yoast SEO plugin. -->","yoast_head_json":{"title":"Home - Brussels Card Show","robots":{"index":"index","follow":"follow","max-snippet":"max-snippet:-1","max-image-preview":"max-image-preview:large","max-video-preview":"max-video-preview:-1"},"canonical":"https:\/\/www.brusselscardshow.be\/nl\/","og_locale":"nl_NL","og_type":"article","og_title":"Home - Brussels Card Show","og_description":"13 December 2026 Het eerste grote verzamelkaarten-evenement in Brussel. Waar verzamelaars elkaar ontmoeten Jours Heures Minutes Secondes Tot de deuren opengaan ToegangGratis Publieke toegang van 10u tot 18u AdresJolis-Bois \u2013 L\u2019AgoraDr\u00e8ve des Shetlands 151150 Brussel Vlot bereikbaar met auto en openbaar vervoer","og_url":"https:\/\/www.brusselscardshow.be\/nl\/","og_site_name":"Brussels Card Show","article_modified_time":"2025-12-15T12:54:58+00:00","og_image":[{"url":"https:\/\/www.brusselscardshow.be\/wp-content\/uploads\/2025\/11\/cropped-logo-bcs-300x300.png","type":"","width":"","height":""}],"twitter_card":"summary_large_image","twitter_image":"https:\/\/www.brusselscardshow.be\/wp-content\/uploads\/2025\/11\/cropped-logo-bcs.png","twitter_misc":{"Geschatte leestijd":"1 minuut"},"schema":{"@context":"https:\/\/schema.org","@graph":[{"@type":"WebPage","@id":"https:\/\/www.brusselscardshow.be\/nl\/","url":"https:\/\/www.brusselscardshow.be\/nl\/","name":"Home - Brussels Card Show","isPartOf":{"@id":"https:\/\/www.brusselscardshow.be\/nl\/#website"},"primaryImageOfPage":{"@id":"https:\/\/www.brusselscardshow.be\/nl\/#primaryimage"},"image":{"@id":"https:\/\/www.brusselscardshow.be\/nl\/#primaryimage"},"thumbnailUrl":"https:\/\/www.brusselscardshow.be\/wp-content\/uploads\/2025\/11\/cropped-logo-bcs-150x150.png","datePublished":"2025-11-28T10:55:56+00:00","dateModified":"2025-12-15T12:54:58+00:00","breadcrumb":{"@id":"https:\/\/www.brusselscardshow.be\/nl\/#breadcrumb"},"inLanguage":"nl-NL","potentialAction":[{"@type":"ReadAction","target":["https:\/\/www.brusselscardshow.be\/nl\/"]}]},{"@type":"ImageObject","inLanguage":"nl-NL","@id":"https:\/\/www.brusselscardshow.be\/nl\/#primaryimage","url":"https:\/\/www.brusselscardshow.be\/wp-content\/uploads\/2025\/11\/cropped-logo-bcs-150x150.png","contentUrl":"https:\/\/www.brusselscardshow.be\/wp-content\/uploads\/2025\/11\/cropped-logo-bcs-150x150.png"},{"@type":"BreadcrumbList","@id":"https:\/\/www.brusselscardshow.be\/nl\/#breadcrumb","itemListElement":[{"@type":"ListItem","position":1,"name":"Accueil","item":"https:\/\/www.brusselscardshow.be\/nl\/"},{"@type":"ListItem","position":2,"name":"Home"}]},{"@type":"WebSite","@id":"https:\/\/www.brusselscardshow.be\/nl\/#website","url":"https:\/\/www.brusselscardshow.be\/nl\/","name":"Brussels Card Show","description":"Le premier grand \u00e9v\u00e8nement de cartes \u00e0 collectionner \u00e0 Bruxelles","publisher":{"@id":"https:\/\/www.brusselscardshow.be\/nl\/#organization"},"potentialAction":[{"@type":"SearchAction","target":{"@type":"EntryPoint","urlTemplate":"https:\/\/www.brusselscardshow.be\/nl\/?s={search_term_string}"},"query-input":{"@type":"PropertyValueSpecification","valueRequired":true,"valueName":"search_term_string"}}],"inLanguage":"nl-NL"},{"@type":"Organization","@id":"https:\/\/www.brusselscardshow.be\/nl\/#organization","name":"Brussels Card Show","url":"https:\/\/www.brusselscardshow.be\/nl\/","logo":{"@type":"ImageObject","inLanguage":"nl-NL","@id":"https:\/\/www.brusselscardshow.be\/nl\/#\/schema\/logo\/image\/","url":"https:\/\/www.brusselscardshow.be\/wp-content\/uploads\/2025\/11\/cropped-logo-bcs.png","contentUrl":"https:\/\/www.brusselscardshow.be\/wp-content\/uploads\/2025\/11\/cropped-logo-bcs.png","width":512,"height":512,"caption":"Brussels Card Show"},"image":{"@id":"https:\/\/www.brusselscardshow.be\/nl\/#\/schema\/logo\/image\/"}}]}},"_links":{"self":[{"href":"https:\/\/www.brusselscardshow.be\/nl\/wp-json\/wp\/v2\/pages\/188","targetHints":{"allow":["GET"]}}],"collection":[{"href":"https:\/\/www.brusselscardshow.be\/nl\/wp-json\/wp\/v2\/pages"}],"about":[{"href":"https:\/\/www.brusselscardshow.be\/nl\/wp-json\/wp\/v2\/types\/page"}],"author":[{"embeddable":true,"href":"https:\/\/www.brusselscardshow.be\/nl\/wp-json\/wp\/v2\/users\/1"}],"replies":[{"embeddable":true,"href":"https:\/\/www.brusselscardshow.be\/nl\/wp-json\/wp\/v2\/comments?post=188"}],"version-history":[{"count":25,"href":"https:\/\/www.brusselscardshow.be\/nl\/wp-json\/wp\/v2\/pages\/188\/revisions"}],"predecessor-version":[{"id":766,"href":"https:\/\/www.brusselscardshow.be\/nl\/wp-json\/wp\/v2\/pages\/188\/revisions\/766"}],"wp:attachment":[{"href":"https:\/\/www.brusselscardshow.be\/nl\/wp-json\/wp\/v2\/media?parent=188"}],"curies":[{"name":"wp","href":"https:\/\/api.w.org\/{rel}","templated":true}]}}